{"id":115,"date":"2023-06-07T16:34:57","date_gmt":"2023-06-07T16:34:57","guid":{"rendered":"https:\/\/laiacadens.com\/?page_id=115"},"modified":"2023-11-11T17:02:48","modified_gmt":"2023-11-11T17:02:48","slug":"qui-soc","status":"publish","type":"page","link":"https:\/\/laiacadens.com\/es\/qui-soc\/","title":{"rendered":"Qui\u00e9n soy"},"content":{"rendered":"<div data-elementor-type=\"wp-page\" data-elementor-id=\"115\" class=\"elementor elementor-115\" data-elementor-post-type=\"page\">\n\t\t\t\t\t\t<section class=\"elementor-section elementor-top-section elementor-element elementor-element-2d0b5abd elementor-section-full_width elementor-section-height-min-height animated-slow elementor-section-height-default elementor-section-items-middle elementor-invisible\" data-id=\"2d0b5abd\" data-element_type=\"section\" data-e-type=\"section\" data-settings=\"{&quot;background_background&quot;:&quot;classic&quot;,&quot;animation&quot;:&quot;fadeInDown&quot;}\">\n\t\t\t\t\t\t\t<div class=\"elementor-background-overlay\"><\/div>\n\t\t\t\t\t\t\t<div class=\"elementor-container elementor-column-gap-no\">\n\t\t\t\t\t<div class=\"elementor-column elementor-col-100 elementor-top-column elementor-element elementor-element-5261c8c5\" data-id=\"5261c8c5\" data-element_type=\"column\" data-e-type=\"column\">\n\t\t\t<div class=\"elementor-widget-wrap elementor-element-populated\">\n\t\t\t\t\t\t<section class=\"elementor-section elementor-inner-section elementor-element elementor-element-687bf244 elementor-section-boxed elementor-section-height-default elementor-section-height-default\" data-id=\"687bf244\" data-element_type=\"section\" data-e-type=\"section\">\n\t\t\t\t\t\t<div class=\"elementor-container elementor-column-gap-no\">\n\t\t\t\t\t<div class=\"elementor-column elementor-col-50 elementor-inner-column elementor-element elementor-element-170289 elementor-invisible\" data-id=\"170289\" data-element_type=\"column\" data-e-type=\"column\" data-settings=\"{&quot;animation&quot;:&quot;fadeInLeft&quot;}\">\n\t\t\t<div class=\"elementor-widget-wrap elementor-element-populated\">\n\t\t\t\t\t\t<div class=\"elementor-element elementor-element-1fbb98c elementor-widget elementor-widget-heading\" data-id=\"1fbb98c\" data-element_type=\"widget\" data-e-type=\"widget\" data-widget_type=\"heading.default\">\n\t\t\t\t<div class=\"elementor-widget-container\">\n\t\t\t\t\t<h4 class=\"elementor-heading-title elementor-size-default\">Qui\u00e9n soy<\/h4>\t\t\t\t<\/div>\n\t\t\t\t<\/div>\n\t\t\t\t\t<\/div>\n\t\t<\/div>\n\t\t\t\t<div class=\"elementor-column elementor-col-50 elementor-inner-column elementor-element elementor-element-5157bb7c\" data-id=\"5157bb7c\" data-element_type=\"column\" data-e-type=\"column\">\n\t\t\t<div class=\"elementor-widget-wrap\">\n\t\t\t\t\t\t\t<\/div>\n\t\t<\/div>\n\t\t\t\t\t<\/div>\n\t\t<\/section>\n\t\t\t\t\t<\/div>\n\t\t<\/div>\n\t\t\t\t\t<\/div>\n\t\t<\/section>\n\t\t\t\t<section class=\"elementor-section elementor-top-section elementor-element elementor-element-49cff10d elementor-section-full_width elementor-section-height-min-height elementor-section-height-default elementor-section-items-middle\" data-id=\"49cff10d\" data-element_type=\"section\" data-e-type=\"section\">\n\t\t\t\t\t\t<div class=\"elementor-container elementor-column-gap-no\">\n\t\t\t\t\t<div class=\"elementor-column elementor-col-100 elementor-top-column elementor-element elementor-element-6dc5dd5f\" data-id=\"6dc5dd5f\" data-element_type=\"column\" data-e-type=\"column\">\n\t\t\t<div class=\"elementor-widget-wrap elementor-element-populated\">\n\t\t\t\t\t\t<div class=\"elementor-element elementor-element-9da5b63 elementor-widget elementor-widget-spacer\" data-id=\"9da5b63\" data-element_type=\"widget\" data-e-type=\"widget\" data-widget_type=\"spacer.default\">\n\t\t\t\t<div class=\"elementor-widget-container\">\n\t\t\t\t\t\t\t<div class=\"elementor-spacer\">\n\t\t\t<div class=\"elementor-spacer-inner\"><\/div>\n\t\t<\/div>\n\t\t\t\t\t\t<\/div>\n\t\t\t\t<\/div>\n\t\t\t\t<section class=\"elementor-section elementor-inner-section elementor-element elementor-element-308aea08 elementor-section-boxed elementor-section-height-default elementor-section-height-default\" data-id=\"308aea08\" data-element_type=\"section\" data-e-type=\"section\">\n\t\t\t\t\t\t<div class=\"elementor-container elementor-column-gap-no\">\n\t\t\t\t\t<div class=\"elementor-column elementor-col-50 elementor-inner-column elementor-element elementor-element-26a6e60a animated-slow elementor-invisible\" data-id=\"26a6e60a\" data-element_type=\"column\" data-e-type=\"column\" data-settings=\"{&quot;background_background&quot;:&quot;classic&quot;,&quot;animation&quot;:&quot;fadeInDown&quot;}\">\n\t\t\t<div class=\"elementor-widget-wrap elementor-element-populated\">\n\t\t\t\t\t\t<div class=\"elementor-element elementor-element-75748f6 elementor-hidden-desktop elementor-widget elementor-widget-spacer\" data-id=\"75748f6\" data-element_type=\"widget\" data-e-type=\"widget\" data-widget_type=\"spacer.default\">\n\t\t\t\t<div class=\"elementor-widget-container\">\n\t\t\t\t\t\t\t<div class=\"elementor-spacer\">\n\t\t\t<div class=\"elementor-spacer-inner\"><\/div>\n\t\t<\/div>\n\t\t\t\t\t\t<\/div>\n\t\t\t\t<\/div>\n\t\t\t\t\t<\/div>\n\t\t<\/div>\n\t\t\t\t<div class=\"elementor-column elementor-col-50 elementor-inner-column elementor-element elementor-element-1ec219a8 animated-slow elementor-invisible\" data-id=\"1ec219a8\" data-element_type=\"column\" data-e-type=\"column\" data-settings=\"{&quot;animation&quot;:&quot;fadeInLeft&quot;}\">\n\t\t\t<div class=\"elementor-widget-wrap elementor-element-populated\">\n\t\t\t\t\t\t<div class=\"elementor-element elementor-element-1c1ef2b8 elementor-widget elementor-widget-heading\" data-id=\"1c1ef2b8\" data-element_type=\"widget\" data-e-type=\"widget\" data-widget_type=\"heading.default\">\n\t\t\t\t<div class=\"elementor-widget-container\">\n\t\t\t\t\t<h4 class=\"elementor-heading-title elementor-size-default\">Laia Cadens Rubies<\/h4>\t\t\t\t<\/div>\n\t\t\t\t<\/div>\n\t\t\t\t<div class=\"elementor-element elementor-element-56738e0d elementor-widget elementor-widget-text-editor\" data-id=\"56738e0d\" data-element_type=\"widget\" data-e-type=\"widget\" data-widget_type=\"text-editor.default\">\n\t\t\t\t<div class=\"elementor-widget-container\">\n\t\t\t\t\t\t\t\t\t<p>Me llamo Laia, soy <b>psic\u00f3loga cl\u00ednica<\/b>Me licenci\u00e9 en el a\u00f1o 2002 motivada para ayudar a las personas y entender los procesos psicol\u00f3gicos implicados en el sufrimiento humano, por este motivo me especialic\u00e9 en psicolog\u00eda cl\u00ednica. \u00a0<\/p><p>Despu\u00e9s de cuatro a\u00f1os trabajando en el \u00e1mbito hospitalario psiqui\u00e1trico decid\u00ed emprender mi consulta privada, y, desde el a\u00f1o 2006 puse el coraz\u00f3n y las ganas por ser la profesional que necesitan mis pacientes, desde la cercan\u00eda, el trato directo y emp\u00e1tico y la honestidad.<\/p><p>Durante estos <b>m\u00e1s de 20 a\u00f1os de experiencia profesional<\/b>\u00a0ha sido la salud mental, en la poblaci\u00f3n adulta, y la psicoterapia mi m\u00e1ximo inter\u00e9s por la formaci\u00f3n y el aprendizaje. Congresos, formaciones especializadas, seminarios, colaboraciones profesionales con otros centros sanitarios han contribuido a estar siempre a la \u00faltima.\u00a0<\/p><p>Paralelamente curs\u00e9 otra especialidad cl\u00ednica, la <b>Sexolog\u00eda y Terapia de Pareja.<\/b>En el a\u00f1o 2009, y despu\u00e9s de ver en consulta c\u00f3mo el \u00e1rea sexual quedaba olvidada y resid\u00edan muchos problemas, decid\u00ed adentrarme en el mundo de la salud sexual. <b>salud sexual<\/b>Un \u00e1rea muy amplia, donde el tratamiento psicol\u00f3gico es clave para intervenir y curar las disfunciones sexuales\u00a0<span style=\"color: var( --e-global-color-text ); letter-spacing: 0px;\">que tanto malestar emocional provocan a las personas.<\/span><span style=\"color: var( --e-global-color-text ); letter-spacing: 0px;\">\u00a0<\/span><\/p><p>La docencia universitaria y las colaboraciones con otros profesionales sanitarios han ocupado tambi\u00e9n una parte importante de mi \u00e1rea laboral, aport\u00e1ndome much\u00edsimo y sumando motivaci\u00f3n para seguir ampliando los conocimientos y pr\u00e1ctica cl\u00ednica.<\/p><p>Me apasionan muchas cosas, mi familia, el autoconocimiento, la lectura, el deporte, la gastronom\u00eda, las relaciones interpersonales, viajar por el mundo, el dar, el recibir, el entender, el no entender y aceptar \u2026 \u00a1El buscar la coherencia entre lo que se piensa, siente y se hace!<\/p><p>\u00a0<\/p>\t\t\t\t\t\t\t\t<\/div>\n\t\t\t\t<\/div>\n\t\t\t\t\t<\/div>\n\t\t<\/div>\n\t\t\t\t\t<\/div>\n\t\t<\/section>\n\t\t\t\t\t<\/div>\n\t\t<\/div>\n\t\t\t\t\t<\/div>\n\t\t<\/section>\n\t\t\t\t<section class=\"elementor-section elementor-top-section elementor-element elementor-element-725e268 elementor-section-boxed elementor-section-height-default elementor-section-height-default\" data-id=\"725e268\" data-element_type=\"section\" data-e-type=\"section\">\n\t\t\t\t\t\t<div class=\"elementor-container elementor-column-gap-default\">\n\t\t\t\t\t<div class=\"elementor-column elementor-col-100 elementor-top-column elementor-element elementor-element-a5da223 animated-slow elementor-invisible\" data-id=\"a5da223\" data-element_type=\"column\" data-e-type=\"column\" data-settings=\"{&quot;animation&quot;:&quot;fadeInDown&quot;}\">\n\t\t\t<div class=\"elementor-widget-wrap elementor-element-populated\">\n\t\t\t\t\t\t<div class=\"elementor-element elementor-element-4e194e2f elementor-widget elementor-widget-text-editor\" data-id=\"4e194e2f\" data-element_type=\"widget\" data-e-type=\"widget\" data-widget_type=\"text-editor.default\">\n\t\t\t\t<div class=\"elementor-widget-container\">\n\t\t\t\t\t\t\t\t\t<p>Consulta reconocida como <strong><u>CENTRO SANITARIO<\/u><\/strong> por el\u00a0\u00a0<\/p><p>\u00a0<img decoding=\"async\" class=\"wp-image-183 alignnone\" src=\"https:\/\/laiacadens.com\/wp-content\/uploads\/2023\/06\/SalutLogo.png\" alt=\"Departament de Salut de la Generalitat de Catalunya\" width=\"226\" height=\"39\" data-wp-editing=\"1\" \/><\/p>\t\t\t\t\t\t\t\t<\/div>\n\t\t\t\t<\/div>\n\t\t\t\t<div class=\"elementor-element elementor-element-c8c81db elementor-widget elementor-widget-text-editor\" data-id=\"c8c81db\" data-element_type=\"widget\" data-e-type=\"widget\" data-widget_type=\"text-editor.default\">\n\t\t\t\t<div class=\"elementor-widget-container\">\n\t\t\t\t\t\t\t\t\t<p>Consulta adscrita a la Agencia Nacional de Protecci\u00f3n de Datos.<\/p>\t\t\t\t\t\t\t\t<\/div>\n\t\t\t\t<\/div>\n\t\t\t\t<div class=\"elementor-element elementor-element-4a0bf996 elementor-widget elementor-widget-text-editor\" data-id=\"4a0bf996\" data-element_type=\"widget\" data-e-type=\"widget\" data-widget_type=\"text-editor.default\">\n\t\t\t\t<div class=\"elementor-widget-container\">\n\t\t\t\t\t\t\t\t\t<ul><li>Licenciada en Psicolog\u00eda. Especialidad cl\u00ednica.<\/li><li>Colegiada por el Colegio Oficial de Psic\u00f3logos de Catalu\u00f1a. N\u00ba 12741. A\u00f1o 2001.<\/li><li>Especialista en psicolog\u00eda cl\u00ednica y sanitaria.<\/li><li>Especialista en Sexolog\u00eda cl\u00ednica y Terapia de pareja.<\/li><li>M\u00e1ster en sexolog\u00eda cl\u00ednica y terapia de pareja. Asociaci\u00f3n Espa\u00f1ola de Psicolog\u00eda cl\u00ednica.<\/li><li>Docente en diferentes m\u00e1steres relacionados con el \u00e1rea de sexolog\u00eda cl\u00ednica desde el a\u00f1o 2005. Universidad de Barcelona (Campus Bellvitge), Fundaci\u00f3n Universitaria del Bages (FUB), Universidad Internacional de Catalu\u00f1a (UIC).<\/li><li>Formo parte del equipo m\u00e9dico de la Clinica Ferran Sol\u00e0 y de la Clinica CEFER de Lleida.<\/li><li>20 a\u00f1os de experiencia cl\u00ednica acreditada.<\/li><\/ul>\t\t\t\t\t\t\t\t<\/div>\n\t\t\t\t<\/div>\n\t\t\t\t<div class=\"elementor-element elementor-element-3fd8fca elementor-widget elementor-widget-spacer\" data-id=\"3fd8fca\" data-element_type=\"widget\" data-e-type=\"widget\" data-widget_type=\"spacer.default\">\n\t\t\t\t<div class=\"elementor-widget-container\">\n\t\t\t\t\t\t\t<div class=\"elementor-spacer\">\n\t\t\t<div class=\"elementor-spacer-inner\"><\/div>\n\t\t<\/div>\n\t\t\t\t\t\t<\/div>\n\t\t\t\t<\/div>\n\t\t\t\t\t<\/div>\n\t\t<\/div>\n\t\t\t\t\t<\/div>\n\t\t<\/section>\n\t\t\t\t<\/div>","protected":false},"excerpt":{"rendered":"<p>Qui soc Laia Cadens Rubies Em dic Laia, soc psic\u00f2loga cl\u00ednica. Em vaig llicenciar l\u2019any 2002 motivada per ajudar a les persones, per entendre els processos psicol\u00f2gics implicats en el patiment hum\u00e0, i per aquest motiu em vaig especialitzar en la vessant cl\u00ednica. \u00a0 Despr\u00e9s de quatre anys treballant en l&#8217;\u00e0mbit hospitalari psiqui\u00e0tric vaig decidir [&hellip;]<\/p>\n","protected":false},"author":2,"featured_media":0,"parent":0,"menu_order":0,"comment_status":"closed","ping_status":"closed","template":"","meta":{"footnotes":""},"class_list":["post-115","page","type-page","status-publish","hentry"],"yoast_head":"<!-- This site is optimized with the Yoast SEO plugin v27.4 - https:\/\/yoast.com\/product\/yoast-seo-wordpress\/ -->\n<title>Qui Soc - Laia Cadens WP<\/title>\n<meta name=\"robots\" content=\"index, follow, max-snippet:-1, max-image-preview:large, max-video-preview:-1\" \/>\n<link rel=\"canonical\" href=\"https:\/\/laiacadens.com\/es\/qui-soc\/\" \/>\n<meta property=\"og:locale\" content=\"es_ES\" \/>\n<meta property=\"og:type\" content=\"article\" \/>\n<meta property=\"og:title\" content=\"Qui Soc - Laia Cadens WP\" \/>\n<meta property=\"og:description\" content=\"Qui soc Laia Cadens Rubies Em dic Laia, soc psic\u00f2loga cl\u00ednica. Em vaig llicenciar l\u2019any 2002 motivada per ajudar a les persones, per entendre els processos psicol\u00f2gics implicats en el patiment hum\u00e0, i per aquest motiu em vaig especialitzar en la vessant cl\u00ednica. \u00a0 Despr\u00e9s de quatre anys treballant en l&#8217;\u00e0mbit hospitalari psiqui\u00e0tric vaig decidir [&hellip;]\" \/>\n<meta property=\"og:url\" content=\"https:\/\/laiacadens.com\/es\/qui-soc\/\" \/>\n<meta property=\"og:site_name\" content=\"Laia Cadens WP\" \/>\n<meta property=\"article:modified_time\" content=\"2023-11-11T17:02:48+00:00\" \/>\n<meta property=\"og:image\" content=\"https:\/\/laiacadens.com\/wp-content\/uploads\/2023\/06\/SalutLogo.png\" \/>\n<meta name=\"twitter:card\" content=\"summary_large_image\" \/>\n<meta name=\"twitter:label1\" content=\"Tiempo de lectura\" \/>\n\t<meta name=\"twitter:data1\" content=\"2 minutos\" \/>\n<script type=\"application\/ld+json\" class=\"yoast-schema-graph\">{\"@context\":\"https:\\\/\\\/schema.org\",\"@graph\":[{\"@type\":\"WebPage\",\"@id\":\"https:\\\/\\\/laiacadens.com\\\/qui-soc\\\/\",\"url\":\"https:\\\/\\\/laiacadens.com\\\/qui-soc\\\/\",\"name\":\"Qui Soc - Laia Cadens WP\",\"isPartOf\":{\"@id\":\"https:\\\/\\\/laiacadens.com\\\/#website\"},\"primaryImageOfPage\":{\"@id\":\"https:\\\/\\\/laiacadens.com\\\/qui-soc\\\/#primaryimage\"},\"image\":{\"@id\":\"https:\\\/\\\/laiacadens.com\\\/qui-soc\\\/#primaryimage\"},\"thumbnailUrl\":\"https:\\\/\\\/laiacadens.com\\\/wp-content\\\/uploads\\\/2023\\\/06\\\/SalutLogo.png\",\"datePublished\":\"2023-06-07T16:34:57+00:00\",\"dateModified\":\"2023-11-11T17:02:48+00:00\",\"breadcrumb\":{\"@id\":\"https:\\\/\\\/laiacadens.com\\\/qui-soc\\\/#breadcrumb\"},\"inLanguage\":\"es\",\"potentialAction\":[{\"@type\":\"ReadAction\",\"target\":[\"https:\\\/\\\/laiacadens.com\\\/qui-soc\\\/\"]}]},{\"@type\":\"ImageObject\",\"inLanguage\":\"es\",\"@id\":\"https:\\\/\\\/laiacadens.com\\\/qui-soc\\\/#primaryimage\",\"url\":\"https:\\\/\\\/laiacadens.com\\\/wp-content\\\/uploads\\\/2023\\\/06\\\/SalutLogo.png\",\"contentUrl\":\"https:\\\/\\\/laiacadens.com\\\/wp-content\\\/uploads\\\/2023\\\/06\\\/SalutLogo.png\"},{\"@type\":\"BreadcrumbList\",\"@id\":\"https:\\\/\\\/laiacadens.com\\\/qui-soc\\\/#breadcrumb\",\"itemListElement\":[{\"@type\":\"ListItem\",\"position\":1,\"name\":\"Inici\",\"item\":\"https:\\\/\\\/laiacadens.com\\\/\"},{\"@type\":\"ListItem\",\"position\":2,\"name\":\"Qui Soc\"}]},{\"@type\":\"WebSite\",\"@id\":\"https:\\\/\\\/laiacadens.com\\\/#website\",\"url\":\"https:\\\/\\\/laiacadens.com\\\/\",\"name\":\"Laia Cadens Psicologia\",\"description\":\"\",\"potentialAction\":[{\"@type\":\"SearchAction\",\"target\":{\"@type\":\"EntryPoint\",\"urlTemplate\":\"https:\\\/\\\/laiacadens.com\\\/?s={search_term_string}\"},\"query-input\":{\"@type\":\"PropertyValueSpecification\",\"valueRequired\":true,\"valueName\":\"search_term_string\"}}],\"inLanguage\":\"es\"}]}<\/script>\n<!-- \/ Yoast SEO plugin. -->","yoast_head_json":{"title":"Qui Soc - Laia Cadens WP","robots":{"index":"index","follow":"follow","max-snippet":"max-snippet:-1","max-image-preview":"max-image-preview:large","max-video-preview":"max-video-preview:-1"},"canonical":"https:\/\/laiacadens.com\/es\/qui-soc\/","og_locale":"es_ES","og_type":"article","og_title":"Qui Soc - Laia Cadens WP","og_description":"Qui soc Laia Cadens Rubies Em dic Laia, soc psic\u00f2loga cl\u00ednica. Em vaig llicenciar l\u2019any 2002 motivada per ajudar a les persones, per entendre els processos psicol\u00f2gics implicats en el patiment hum\u00e0, i per aquest motiu em vaig especialitzar en la vessant cl\u00ednica. \u00a0 Despr\u00e9s de quatre anys treballant en l&#8217;\u00e0mbit hospitalari psiqui\u00e0tric vaig decidir [&hellip;]","og_url":"https:\/\/laiacadens.com\/es\/qui-soc\/","og_site_name":"Laia Cadens WP","article_modified_time":"2023-11-11T17:02:48+00:00","og_image":[{"url":"https:\/\/laiacadens.com\/wp-content\/uploads\/2023\/06\/SalutLogo.png","type":"","width":"","height":""}],"twitter_card":"summary_large_image","twitter_misc":{"Tiempo de lectura":"2 minutos"},"schema":{"@context":"https:\/\/schema.org","@graph":[{"@type":"WebPage","@id":"https:\/\/laiacadens.com\/qui-soc\/","url":"https:\/\/laiacadens.com\/qui-soc\/","name":"Qui Soc - Laia Cadens WP","isPartOf":{"@id":"https:\/\/laiacadens.com\/#website"},"primaryImageOfPage":{"@id":"https:\/\/laiacadens.com\/qui-soc\/#primaryimage"},"image":{"@id":"https:\/\/laiacadens.com\/qui-soc\/#primaryimage"},"thumbnailUrl":"https:\/\/laiacadens.com\/wp-content\/uploads\/2023\/06\/SalutLogo.png","datePublished":"2023-06-07T16:34:57+00:00","dateModified":"2023-11-11T17:02:48+00:00","breadcrumb":{"@id":"https:\/\/laiacadens.com\/qui-soc\/#breadcrumb"},"inLanguage":"es","potentialAction":[{"@type":"ReadAction","target":["https:\/\/laiacadens.com\/qui-soc\/"]}]},{"@type":"ImageObject","inLanguage":"es","@id":"https:\/\/laiacadens.com\/qui-soc\/#primaryimage","url":"https:\/\/laiacadens.com\/wp-content\/uploads\/2023\/06\/SalutLogo.png","contentUrl":"https:\/\/laiacadens.com\/wp-content\/uploads\/2023\/06\/SalutLogo.png"},{"@type":"BreadcrumbList","@id":"https:\/\/laiacadens.com\/qui-soc\/#breadcrumb","itemListElement":[{"@type":"ListItem","position":1,"name":"Inici","item":"https:\/\/laiacadens.com\/"},{"@type":"ListItem","position":2,"name":"Qui Soc"}]},{"@type":"WebSite","@id":"https:\/\/laiacadens.com\/#website","url":"https:\/\/laiacadens.com\/","name":"Laia Cadens Psicologia","description":"","potentialAction":[{"@type":"SearchAction","target":{"@type":"EntryPoint","urlTemplate":"https:\/\/laiacadens.com\/?s={search_term_string}"},"query-input":{"@type":"PropertyValueSpecification","valueRequired":true,"valueName":"search_term_string"}}],"inLanguage":"es"}]}},"_links":{"self":[{"href":"https:\/\/laiacadens.com\/es\/wp-json\/wp\/v2\/pages\/115","targetHints":{"allow":["GET"]}}],"collection":[{"href":"https:\/\/laiacadens.com\/es\/wp-json\/wp\/v2\/pages"}],"about":[{"href":"https:\/\/laiacadens.com\/es\/wp-json\/wp\/v2\/types\/page"}],"author":[{"embeddable":true,"href":"https:\/\/laiacadens.com\/es\/wp-json\/wp\/v2\/users\/2"}],"replies":[{"embeddable":true,"href":"https:\/\/laiacadens.com\/es\/wp-json\/wp\/v2\/comments?post=115"}],"version-history":[{"count":91,"href":"https:\/\/laiacadens.com\/es\/wp-json\/wp\/v2\/pages\/115\/revisions"}],"predecessor-version":[{"id":809,"href":"https:\/\/laiacadens.com\/es\/wp-json\/wp\/v2\/pages\/115\/revisions\/809"}],"wp:attachment":[{"href":"https:\/\/laiacadens.com\/es\/wp-json\/wp\/v2\/media?parent=115"}],"curies":[{"name":"wp","href":"https:\/\/api.w.org\/{rel}","templated":true}]}}