{"id":119,"date":"2023-06-07T16:35:43","date_gmt":"2023-06-07T16:35:43","guid":{"rendered":"https:\/\/laiacadens.com\/?page_id=119"},"modified":"2023-11-11T17:03:20","modified_gmt":"2023-11-11T17:03:20","slug":"sexologia-clinica","status":"publish","type":"page","link":"https:\/\/laiacadens.com\/es\/sexologia-clinica\/","title":{"rendered":"Sexolog\u00eda cl\u00ednica"},"content":{"rendered":"<div data-elementor-type=\"wp-page\" data-elementor-id=\"119\" class=\"elementor elementor-119\" data-elementor-post-type=\"page\">\n\t\t\t\t\t\t<section class=\"elementor-section elementor-top-section elementor-element elementor-element-2cac0d1c elementor-section-full_width elementor-section-height-min-height animated-slow elementor-section-height-default elementor-section-items-middle elementor-invisible\" data-id=\"2cac0d1c\" data-element_type=\"section\" data-e-type=\"section\" data-settings=\"{&quot;background_background&quot;:&quot;classic&quot;,&quot;animation&quot;:&quot;fadeInDown&quot;}\">\n\t\t\t\t\t\t\t<div class=\"elementor-background-overlay\"><\/div>\n\t\t\t\t\t\t\t<div class=\"elementor-container elementor-column-gap-wider\">\n\t\t\t\t\t<div class=\"elementor-column elementor-col-100 elementor-top-column elementor-element elementor-element-58f086de\" data-id=\"58f086de\" data-element_type=\"column\" data-e-type=\"column\">\n\t\t\t<div class=\"elementor-widget-wrap elementor-element-populated\">\n\t\t\t\t\t\t<section class=\"elementor-section elementor-inner-section elementor-element elementor-element-3bada0db elementor-section-boxed elementor-section-height-default elementor-section-height-default\" data-id=\"3bada0db\" data-element_type=\"section\" data-e-type=\"section\">\n\t\t\t\t\t\t<div class=\"elementor-container elementor-column-gap-no\">\n\t\t\t\t\t<div class=\"elementor-column elementor-col-50 elementor-inner-column elementor-element elementor-element-357b3b5c\" data-id=\"357b3b5c\" data-element_type=\"column\" data-e-type=\"column\">\n\t\t\t<div class=\"elementor-widget-wrap elementor-element-populated\">\n\t\t\t\t\t\t<div class=\"elementor-element elementor-element-4f5dd19 elementor-invisible elementor-widget elementor-widget-heading\" data-id=\"4f5dd19\" data-element_type=\"widget\" data-e-type=\"widget\" data-settings=\"{&quot;_animation&quot;:&quot;fadeInLeft&quot;}\" data-widget_type=\"heading.default\">\n\t\t\t\t<div class=\"elementor-widget-container\">\n\t\t\t\t\t<h4 class=\"elementor-heading-title elementor-size-default\">Sexologia Cl\u00ednica<\/h4>\t\t\t\t<\/div>\n\t\t\t\t<\/div>\n\t\t\t\t\t<\/div>\n\t\t<\/div>\n\t\t\t\t<div class=\"elementor-column elementor-col-50 elementor-inner-column elementor-element elementor-element-5027bd28\" data-id=\"5027bd28\" data-element_type=\"column\" data-e-type=\"column\">\n\t\t\t<div class=\"elementor-widget-wrap\">\n\t\t\t\t\t\t\t<\/div>\n\t\t<\/div>\n\t\t\t\t\t<\/div>\n\t\t<\/section>\n\t\t\t\t\t<\/div>\n\t\t<\/div>\n\t\t\t\t\t<\/div>\n\t\t<\/section>\n\t\t\t\t<section class=\"elementor-section elementor-top-section elementor-element elementor-element-3ed265cc elementor-section-full_width elementor-section-height-min-height elementor-section-height-default elementor-section-items-middle\" data-id=\"3ed265cc\" data-element_type=\"section\" data-e-type=\"section\">\n\t\t\t\t\t\t<div class=\"elementor-container elementor-column-gap-no\">\n\t\t\t\t\t<div class=\"elementor-column elementor-col-100 elementor-top-column elementor-element elementor-element-7349e744\" data-id=\"7349e744\" data-element_type=\"column\" data-e-type=\"column\">\n\t\t\t<div class=\"elementor-widget-wrap elementor-element-populated\">\n\t\t\t\t\t\t<section class=\"elementor-section elementor-inner-section elementor-element elementor-element-5a89feae elementor-section-boxed elementor-section-height-default elementor-section-height-default\" data-id=\"5a89feae\" data-element_type=\"section\" data-e-type=\"section\">\n\t\t\t\t\t\t<div class=\"elementor-container elementor-column-gap-no\">\n\t\t\t\t\t<div class=\"elementor-column elementor-col-50 elementor-inner-column elementor-element elementor-element-48e1d7cb animated-slow elementor-invisible\" data-id=\"48e1d7cb\" data-element_type=\"column\" data-e-type=\"column\" data-settings=\"{&quot;animation&quot;:&quot;fadeInLeft&quot;}\">\n\t\t\t<div class=\"elementor-widget-wrap elementor-element-populated\">\n\t\t\t\t\t\t<div class=\"elementor-element elementor-element-584071f elementor-widget elementor-widget-spacer\" data-id=\"584071f\" data-element_type=\"widget\" data-e-type=\"widget\" data-widget_type=\"spacer.default\">\n\t\t\t\t<div class=\"elementor-widget-container\">\n\t\t\t\t\t\t\t<div class=\"elementor-spacer\">\n\t\t\t<div class=\"elementor-spacer-inner\"><\/div>\n\t\t<\/div>\n\t\t\t\t\t\t<\/div>\n\t\t\t\t<\/div>\n\t\t\t\t<div class=\"elementor-element elementor-element-58cde8fe elementor-widget elementor-widget-text-editor\" data-id=\"58cde8fe\" data-element_type=\"widget\" data-e-type=\"widget\" data-widget_type=\"text-editor.default\">\n\t\t\t\t<div class=\"elementor-widget-container\">\n\t\t\t\t\t\t\t\t\t<p>La sexolog\u00eda es una ciencia relativamente joven, es una rama del conocimiento cient\u00edfico que estudia el sexo y la funci\u00f3n sexual, su proceso de desarrollo y sus alteraciones.<\/p><p><strong>Nos centramos en realizar una evaluaci\u00f3n, an\u00e1lisis funcional y diagn\u00f3stico de las disfunciones sexuales y dise\u00f1ar un tratamiento individualizado para restablecer de forma segura y preventiva una sexualidad sana y disfrutada con placer. <\/strong><\/p><p><strong>M\u00e1s del 90% de las causas de los problemas en el \u00e1rea sexual son de origen psicol\u00f3gico, y desde la intervenci\u00f3n psicol\u00f3gica especializada se trata la mayor\u00eda de las disfunciones sexuales que pueden tener las personas. <\/strong><\/p><p>Las principales disfunciones sexuales femeninas y masculinas que requieren tratamiento son:<\/p><p><strong>Fase del deseo<\/strong><\/p><p><u>Deseo sexual inhibido o hipoactivo<\/u>: es la ausencia o disminuci\u00f3n del deseo a la hora de tener una actividad sexual.<\/p><p><u>Aversi\u00f3n sexual<\/u>: asco o repugnancia extrema y continuada hacia las relaciones sexuales, evitando todos o casi todos los contactos sexuales genitales.<\/p><p><strong>Fase de la excitaci\u00f3n<\/strong><\/p><p><u>Trastorno de excitaci\u00f3n sexual femenino<\/u>. Es la incapacidad, total o parcial, de mantener la respuesta de lubricaci\u00f3n vaginal o la sensaci\u00f3n subjetiva de no sentirse excitada ni experimentar placer durante la actividad sexual.<\/p><p><u>Dispareunia<\/u>: dolor intenso y molestias antes, durante o despu\u00e9s de la relaci\u00f3n sexual.<\/p><p><u>Vaginismo<\/u>: contracciones involuntarias y espasm\u00f3dicas de la musculatura vaginal de la mujer que dificultan sustancialmente las relaciones coitales, las exploraciones ginecol\u00f3gicas y la introducci\u00f3n del pene o dedos en la vagina.<\/p><p><u>Trastorno de la excitaci\u00f3n sexual en el hombre<\/u>. <u>Disfunci\u00f3n er\u00e9ctil<\/u>: es la incapacidad, total o parcial, y continuada para mantener una erecci\u00f3n hasta el final de la actividad sexual. Acompa\u00f1a la sensaci\u00f3n de carencia de excitaci\u00f3n y placer durante las relaciones sexuales.<\/p><p><u>Eyaculaci\u00f3n precoz<\/u>: es la eyaculaci\u00f3n inmediata ante una estimulaci\u00f3n sexual m\u00ednima y se da antes de que el hombre lo desee. Ante todo hay que descartar cualquier causa org\u00e1nica que pueda venir derivada de la edad u otras variables f\u00edsicas.<\/p><p><u>Trastorno org\u00e1smico masculino y femenino. Anorgasmia<\/u>: es la dificultad o incapacidad para llegar al orgasmo aun habiendo una estimulaci\u00f3n adecuada y la ausencia de problemas en la fase de excitaci\u00f3n.<\/p><p><strong>OTRAS DISFUNCIONES:<\/strong><\/p><p>Parafilias, adicci\u00f3n al sexo.<\/p><p>Recomposici\u00f3n de la sexualidad despu\u00e9s de haber sufrido abusos sexuales.<\/p>\t\t\t\t\t\t\t\t<\/div>\n\t\t\t\t<\/div>\n\t\t\t\t\t<\/div>\n\t\t<\/div>\n\t\t\t\t<div class=\"elementor-column elementor-col-50 elementor-inner-column elementor-element elementor-element-a8af978 animated-slow elementor-invisible\" data-id=\"a8af978\" data-element_type=\"column\" data-e-type=\"column\" data-settings=\"{&quot;background_background&quot;:&quot;classic&quot;,&quot;animation&quot;:&quot;fadeInDown&quot;}\">\n\t\t\t<div class=\"elementor-widget-wrap elementor-element-populated\">\n\t\t\t\t\t\t<div class=\"elementor-element elementor-element-c5bcd16 elementor-hidden-desktop elementor-widget elementor-widget-spacer\" data-id=\"c5bcd16\" data-element_type=\"widget\" data-e-type=\"widget\" data-widget_type=\"spacer.default\">\n\t\t\t\t<div class=\"elementor-widget-container\">\n\t\t\t\t\t\t\t<div class=\"elementor-spacer\">\n\t\t\t<div class=\"elementor-spacer-inner\"><\/div>\n\t\t<\/div>\n\t\t\t\t\t\t<\/div>\n\t\t\t\t<\/div>\n\t\t\t\t\t<\/div>\n\t\t<\/div>\n\t\t\t\t\t<\/div>\n\t\t<\/section>\n\t\t\t\t<div class=\"elementor-element elementor-element-6cf3e371 elementor-widget elementor-widget-spacer\" data-id=\"6cf3e371\" data-element_type=\"widget\" data-e-type=\"widget\" data-widget_type=\"spacer.default\">\n\t\t\t\t<div class=\"elementor-widget-container\">\n\t\t\t\t\t\t\t<div class=\"elementor-spacer\">\n\t\t\t<div class=\"elementor-spacer-inner\"><\/div>\n\t\t<\/div>\n\t\t\t\t\t\t<\/div>\n\t\t\t\t<\/div>\n\t\t\t\t\t<\/div>\n\t\t<\/div>\n\t\t\t\t\t<\/div>\n\t\t<\/section>\n\t\t\t\t<\/div>","protected":false},"excerpt":{"rendered":"<p>Sexologia Cl\u00ednica La sexologia \u00e9s una ci\u00e8ncia relativament jove, \u00e9s una branca del coneixement cient\u00edfic que estudia el sexe i la funci\u00f3 sexual, el seu proc\u00e9s de desenvolupament i les seves alteracions. Ens centrem en fer una avaluaci\u00f3, an\u00e0lisi funcional i diagn\u00f2stic de les disfuncions sexuals i dissenyar un tractament individualitzat per restablir de forma [&hellip;]<\/p>\n","protected":false},"author":2,"featured_media":0,"parent":0,"menu_order":0,"comment_status":"closed","ping_status":"closed","template":"","meta":{"footnotes":""},"class_list":["post-119","page","type-page","status-publish","hentry"],"yoast_head":"<!-- This site is optimized with the Yoast SEO plugin v27.4 - https:\/\/yoast.com\/product\/yoast-seo-wordpress\/ -->\n<title>Sexologia cl\u00ednica - Laia Cadens WP<\/title>\n<meta name=\"robots\" content=\"index, follow, max-snippet:-1, max-image-preview:large, max-video-preview:-1\" \/>\n<link rel=\"canonical\" href=\"https:\/\/laiacadens.com\/es\/sexologia-clinica\/\" \/>\n<meta property=\"og:locale\" content=\"es_ES\" \/>\n<meta property=\"og:type\" content=\"article\" \/>\n<meta property=\"og:title\" content=\"Sexologia cl\u00ednica - Laia Cadens WP\" \/>\n<meta property=\"og:description\" content=\"Sexologia Cl\u00ednica La sexologia \u00e9s una ci\u00e8ncia relativament jove, \u00e9s una branca del coneixement cient\u00edfic que estudia el sexe i la funci\u00f3 sexual, el seu proc\u00e9s de desenvolupament i les seves alteracions. Ens centrem en fer una avaluaci\u00f3, an\u00e0lisi funcional i diagn\u00f2stic de les disfuncions sexuals i dissenyar un tractament individualitzat per restablir de forma [&hellip;]\" \/>\n<meta property=\"og:url\" content=\"https:\/\/laiacadens.com\/es\/sexologia-clinica\/\" \/>\n<meta property=\"og:site_name\" content=\"Laia Cadens WP\" \/>\n<meta property=\"article:modified_time\" content=\"2023-11-11T17:03:20+00:00\" \/>\n<meta name=\"twitter:card\" content=\"summary_large_image\" \/>\n<meta name=\"twitter:label1\" content=\"Tiempo de lectura\" \/>\n\t<meta name=\"twitter:data1\" content=\"2 minutos\" \/>\n<script type=\"application\/ld+json\" class=\"yoast-schema-graph\">{\"@context\":\"https:\\\/\\\/schema.org\",\"@graph\":[{\"@type\":\"WebPage\",\"@id\":\"https:\\\/\\\/laiacadens.com\\\/sexologia-clinica\\\/\",\"url\":\"https:\\\/\\\/laiacadens.com\\\/sexologia-clinica\\\/\",\"name\":\"Sexologia cl\u00ednica - Laia Cadens WP\",\"isPartOf\":{\"@id\":\"https:\\\/\\\/laiacadens.com\\\/#website\"},\"datePublished\":\"2023-06-07T16:35:43+00:00\",\"dateModified\":\"2023-11-11T17:03:20+00:00\",\"breadcrumb\":{\"@id\":\"https:\\\/\\\/laiacadens.com\\\/sexologia-clinica\\\/#breadcrumb\"},\"inLanguage\":\"es\",\"potentialAction\":[{\"@type\":\"ReadAction\",\"target\":[\"https:\\\/\\\/laiacadens.com\\\/sexologia-clinica\\\/\"]}]},{\"@type\":\"BreadcrumbList\",\"@id\":\"https:\\\/\\\/laiacadens.com\\\/sexologia-clinica\\\/#breadcrumb\",\"itemListElement\":[{\"@type\":\"ListItem\",\"position\":1,\"name\":\"Inici\",\"item\":\"https:\\\/\\\/laiacadens.com\\\/\"},{\"@type\":\"ListItem\",\"position\":2,\"name\":\"Sexologia cl\u00ednica\"}]},{\"@type\":\"WebSite\",\"@id\":\"https:\\\/\\\/laiacadens.com\\\/#website\",\"url\":\"https:\\\/\\\/laiacadens.com\\\/\",\"name\":\"Laia Cadens Psicologia\",\"description\":\"\",\"potentialAction\":[{\"@type\":\"SearchAction\",\"target\":{\"@type\":\"EntryPoint\",\"urlTemplate\":\"https:\\\/\\\/laiacadens.com\\\/?s={search_term_string}\"},\"query-input\":{\"@type\":\"PropertyValueSpecification\",\"valueRequired\":true,\"valueName\":\"search_term_string\"}}],\"inLanguage\":\"es\"}]}<\/script>\n<!-- \/ Yoast SEO plugin. -->","yoast_head_json":{"title":"Sexologia cl\u00ednica - Laia Cadens WP","robots":{"index":"index","follow":"follow","max-snippet":"max-snippet:-1","max-image-preview":"max-image-preview:large","max-video-preview":"max-video-preview:-1"},"canonical":"https:\/\/laiacadens.com\/es\/sexologia-clinica\/","og_locale":"es_ES","og_type":"article","og_title":"Sexologia cl\u00ednica - Laia Cadens WP","og_description":"Sexologia Cl\u00ednica La sexologia \u00e9s una ci\u00e8ncia relativament jove, \u00e9s una branca del coneixement cient\u00edfic que estudia el sexe i la funci\u00f3 sexual, el seu proc\u00e9s de desenvolupament i les seves alteracions. Ens centrem en fer una avaluaci\u00f3, an\u00e0lisi funcional i diagn\u00f2stic de les disfuncions sexuals i dissenyar un tractament individualitzat per restablir de forma [&hellip;]","og_url":"https:\/\/laiacadens.com\/es\/sexologia-clinica\/","og_site_name":"Laia Cadens WP","article_modified_time":"2023-11-11T17:03:20+00:00","twitter_card":"summary_large_image","twitter_misc":{"Tiempo de lectura":"2 minutos"},"schema":{"@context":"https:\/\/schema.org","@graph":[{"@type":"WebPage","@id":"https:\/\/laiacadens.com\/sexologia-clinica\/","url":"https:\/\/laiacadens.com\/sexologia-clinica\/","name":"Sexologia cl\u00ednica - Laia Cadens WP","isPartOf":{"@id":"https:\/\/laiacadens.com\/#website"},"datePublished":"2023-06-07T16:35:43+00:00","dateModified":"2023-11-11T17:03:20+00:00","breadcrumb":{"@id":"https:\/\/laiacadens.com\/sexologia-clinica\/#breadcrumb"},"inLanguage":"es","potentialAction":[{"@type":"ReadAction","target":["https:\/\/laiacadens.com\/sexologia-clinica\/"]}]},{"@type":"BreadcrumbList","@id":"https:\/\/laiacadens.com\/sexologia-clinica\/#breadcrumb","itemListElement":[{"@type":"ListItem","position":1,"name":"Inici","item":"https:\/\/laiacadens.com\/"},{"@type":"ListItem","position":2,"name":"Sexologia cl\u00ednica"}]},{"@type":"WebSite","@id":"https:\/\/laiacadens.com\/#website","url":"https:\/\/laiacadens.com\/","name":"Laia Cadens Psicologia","description":"","potentialAction":[{"@type":"SearchAction","target":{"@type":"EntryPoint","urlTemplate":"https:\/\/laiacadens.com\/?s={search_term_string}"},"query-input":{"@type":"PropertyValueSpecification","valueRequired":true,"valueName":"search_term_string"}}],"inLanguage":"es"}]}},"_links":{"self":[{"href":"https:\/\/laiacadens.com\/es\/wp-json\/wp\/v2\/pages\/119","targetHints":{"allow":["GET"]}}],"collection":[{"href":"https:\/\/laiacadens.com\/es\/wp-json\/wp\/v2\/pages"}],"about":[{"href":"https:\/\/laiacadens.com\/es\/wp-json\/wp\/v2\/types\/page"}],"author":[{"embeddable":true,"href":"https:\/\/laiacadens.com\/es\/wp-json\/wp\/v2\/users\/2"}],"replies":[{"embeddable":true,"href":"https:\/\/laiacadens.com\/es\/wp-json\/wp\/v2\/comments?post=119"}],"version-history":[{"count":61,"href":"https:\/\/laiacadens.com\/es\/wp-json\/wp\/v2\/pages\/119\/revisions"}],"predecessor-version":[{"id":812,"href":"https:\/\/laiacadens.com\/es\/wp-json\/wp\/v2\/pages\/119\/revisions\/812"}],"wp:attachment":[{"href":"https:\/\/laiacadens.com\/es\/wp-json\/wp\/v2\/media?parent=119"}],"curies":[{"name":"wp","href":"https:\/\/api.w.org\/{rel}","templated":true}]}}