{"id":121,"date":"2023-06-07T16:36:03","date_gmt":"2023-06-07T16:36:03","guid":{"rendered":"https:\/\/laiacadens.com\/?page_id=121"},"modified":"2023-11-11T17:03:42","modified_gmt":"2023-11-11T17:03:42","slug":"psicologia-clinica-adults","status":"publish","type":"page","link":"https:\/\/laiacadens.com\/es\/psicologia-clinica-adults\/","title":{"rendered":"Psicolog\u00eda cl\u00ednica adultos"},"content":{"rendered":"<div data-elementor-type=\"wp-page\" data-elementor-id=\"121\" class=\"elementor elementor-121\" data-elementor-post-type=\"page\">\n\t\t\t\t\t\t<section class=\"elementor-section elementor-top-section elementor-element elementor-element-123cf02b elementor-section-full_width elementor-section-height-min-height animated-slow elementor-section-height-default elementor-section-items-middle elementor-invisible\" data-id=\"123cf02b\" data-element_type=\"section\" data-e-type=\"section\" data-settings=\"{&quot;background_background&quot;:&quot;classic&quot;,&quot;animation&quot;:&quot;fadeInDown&quot;}\">\n\t\t\t\t\t\t\t<div class=\"elementor-background-overlay\"><\/div>\n\t\t\t\t\t\t\t<div class=\"elementor-container elementor-column-gap-no\">\n\t\t\t\t\t<div class=\"elementor-column elementor-col-100 elementor-top-column elementor-element elementor-element-600f1f82\" data-id=\"600f1f82\" data-element_type=\"column\" data-e-type=\"column\">\n\t\t\t<div class=\"elementor-widget-wrap elementor-element-populated\">\n\t\t\t\t\t\t<section class=\"elementor-section elementor-inner-section elementor-element elementor-element-6860f976 elementor-section-boxed elementor-section-height-default elementor-section-height-default\" data-id=\"6860f976\" data-element_type=\"section\" data-e-type=\"section\">\n\t\t\t\t\t\t<div class=\"elementor-container elementor-column-gap-no\">\n\t\t\t\t\t<div class=\"elementor-column elementor-col-50 elementor-inner-column elementor-element elementor-element-185f129b\" data-id=\"185f129b\" data-element_type=\"column\" data-e-type=\"column\">\n\t\t\t<div class=\"elementor-widget-wrap elementor-element-populated\">\n\t\t\t\t\t\t<div class=\"elementor-element elementor-element-cb7218f elementor-invisible elementor-widget elementor-widget-heading\" data-id=\"cb7218f\" data-element_type=\"widget\" data-e-type=\"widget\" data-settings=\"{&quot;_animation&quot;:&quot;fadeInLeft&quot;}\" data-widget_type=\"heading.default\">\n\t\t\t\t<div class=\"elementor-widget-container\">\n\t\t\t\t\t<h4 class=\"elementor-heading-title elementor-size-default\">Psicolog\u00eda Cl\u00ednica <br>Adultos<\/h4>\t\t\t\t<\/div>\n\t\t\t\t<\/div>\n\t\t\t\t\t<\/div>\n\t\t<\/div>\n\t\t\t\t<div class=\"elementor-column elementor-col-50 elementor-inner-column elementor-element elementor-element-750d53f9\" data-id=\"750d53f9\" data-element_type=\"column\" data-e-type=\"column\">\n\t\t\t<div class=\"elementor-widget-wrap\">\n\t\t\t\t\t\t\t<\/div>\n\t\t<\/div>\n\t\t\t\t\t<\/div>\n\t\t<\/section>\n\t\t\t\t\t<\/div>\n\t\t<\/div>\n\t\t\t\t\t<\/div>\n\t\t<\/section>\n\t\t\t\t<section class=\"elementor-section elementor-top-section elementor-element elementor-element-c05888b elementor-section-full_width elementor-section-height-min-height elementor-reverse-tablet elementor-reverse-mobile elementor-section-height-default elementor-section-items-middle\" data-id=\"c05888b\" data-element_type=\"section\" data-e-type=\"section\">\n\t\t\t\t\t\t<div class=\"elementor-container elementor-column-gap-no\">\n\t\t\t\t\t<div class=\"elementor-column elementor-col-100 elementor-top-column elementor-element elementor-element-7c3dcc3e\" data-id=\"7c3dcc3e\" data-element_type=\"column\" data-e-type=\"column\">\n\t\t\t<div class=\"elementor-widget-wrap elementor-element-populated\">\n\t\t\t\t\t\t<section class=\"elementor-section elementor-inner-section elementor-element elementor-element-4665e441 elementor-reverse-tablet elementor-reverse-mobile elementor-section-boxed elementor-section-height-default elementor-section-height-default\" data-id=\"4665e441\" data-element_type=\"section\" data-e-type=\"section\">\n\t\t\t\t\t\t<div class=\"elementor-container elementor-column-gap-no\">\n\t\t\t\t\t<div class=\"elementor-column elementor-col-50 elementor-inner-column elementor-element elementor-element-2dc94ee4 animated-slow elementor-invisible\" data-id=\"2dc94ee4\" data-element_type=\"column\" data-e-type=\"column\" data-settings=\"{&quot;background_background&quot;:&quot;classic&quot;,&quot;animation&quot;:&quot;fadeInDown&quot;}\">\n\t\t\t<div class=\"elementor-widget-wrap elementor-element-populated\">\n\t\t\t\t\t\t<div class=\"elementor-element elementor-element-f02403e elementor-hidden-desktop elementor-widget elementor-widget-spacer\" data-id=\"f02403e\" data-element_type=\"widget\" data-e-type=\"widget\" data-widget_type=\"spacer.default\">\n\t\t\t\t<div class=\"elementor-widget-container\">\n\t\t\t\t\t\t\t<div class=\"elementor-spacer\">\n\t\t\t<div class=\"elementor-spacer-inner\"><\/div>\n\t\t<\/div>\n\t\t\t\t\t\t<\/div>\n\t\t\t\t<\/div>\n\t\t\t\t\t<\/div>\n\t\t<\/div>\n\t\t\t\t<div class=\"elementor-column elementor-col-50 elementor-inner-column elementor-element elementor-element-6a4be3e8 animated-slow elementor-invisible\" data-id=\"6a4be3e8\" data-element_type=\"column\" data-e-type=\"column\" data-settings=\"{&quot;animation&quot;:&quot;fadeInRight&quot;}\">\n\t\t\t<div class=\"elementor-widget-wrap elementor-element-populated\">\n\t\t\t\t\t\t<div class=\"elementor-element elementor-element-4258afa4 elementor-invisible elementor-widget elementor-widget-text-editor\" data-id=\"4258afa4\" data-element_type=\"widget\" data-e-type=\"widget\" data-settings=\"{&quot;_animation&quot;:&quot;fadeInRight&quot;}\" data-widget_type=\"text-editor.default\">\n\t\t\t\t<div class=\"elementor-widget-container\">\n\t\t\t\t\t\t\t\t\t<p>Desde la corriente psicol\u00f3gica cognitivo-conductual se interviene en los problemas y trastornos que la persona pueda sufrir. Se realiza un an\u00e1lisis y evaluaci\u00f3n personalizada de la situaci\u00f3n que motiva el cuadro cl\u00ednico y as\u00ed poder hacer una intervenci\u00f3n en profundidad para mejorar, paliar y remitir el malestar presentado.<\/p><p><span style=\"color: var( --e-global-color-text ); letter-spacing: 0px;\">El autoconocimiento es la pieza clave para lograr una mejor regulaci\u00f3n emocional, y en psicoterapia suele ser el eje de intervenci\u00f3n. Tambi\u00e9n lo es la gesti\u00f3n emocional, la identificaci\u00f3n de creencias autolimitantes, el uso de sesgos cognitivos que nos llevan a interpretaciones err\u00f3neas de la realidad y en general, todo aquello, que en mayor o menor medida, nos provoca malestar.<\/span><\/p><p>A menudo los problemas o la sintomatolog\u00eda no configuran un trastorno, son signos, pero no por ello no deben atenderse. La orientaci\u00f3n psicol\u00f3gica y la psicoterapia dan a la persona las herramientas y recursos suficientes para que, en poco tiempo, resuelvan efectivamente sus conflictos.<\/p><p><strong>Trastorno del estado de \u00e1nimo. Inestabilidad emocional. <\/strong><\/p><p><strong>Trastornos depresivos, distimia<\/strong>. Alteraciones del estado de \u00e1nimo que interfieren significativamente en el d\u00eda a d\u00eda de la persona.<\/p><p><strong>Trastorno bipolar<\/strong><\/p><p><strong>Ansiedad<\/strong>, ansiedad generalizada, ataques de p\u00e1nico, angustia con\/sin agorafobia<\/p><p>Tratamiento personalizado de <strong>Fobias<\/strong><\/p><p><strong>Trastorno obsesivo-compulsivo (TOC).<\/strong> Tratamiento cognitivo-conductual de las obsesiones y conductas compulsivas.<\/p><p><strong>Trastornos psic\u00f3ticos<\/strong>.<\/p><p><strong>Somatizaciones<\/strong>. Intervenci\u00f3n psicoterap\u00e9utica centrada en minimizar los s\u00edntomas f\u00edsicos derivados de un malestar psicol\u00f3gico.<\/p><p><strong>Trastorno de personalidad.<\/strong> Un patr\u00f3n de conducta, pensamiento y actitudes concretos y r\u00edgidos pueden llevar a la persona a sufrir en sus relaciones interpersonales y estar rodeados de conflictos. La psicoterapia ofrece pautas para reconducir ciertos rasgos que son m\u00e1s flexibles y as\u00ed proporcionar herramientas de afrontamiento a problemas derivados de una forma de ser concreta.<\/p><p><strong>Problemas adaptativos<\/strong>, cuando las dificultades para adaptarse a una nueva situaci\u00f3n hacen reactivar s\u00edntomas ansiosos y\/o depresivos. Suelen comportar una inestabilidad emocional que con pocas sesiones y dando pautas de resoluci\u00f3n mejora sustancialmente.<\/p>\t\t\t\t\t\t\t\t<\/div>\n\t\t\t\t<\/div>\n\t\t\t\t\t<\/div>\n\t\t<\/div>\n\t\t\t\t\t<\/div>\n\t\t<\/section>\n\t\t\t\t<div class=\"elementor-element elementor-element-7d21423d elementor-widget elementor-widget-spacer\" data-id=\"7d21423d\" data-element_type=\"widget\" data-e-type=\"widget\" data-widget_type=\"spacer.default\">\n\t\t\t\t<div class=\"elementor-widget-container\">\n\t\t\t\t\t\t\t<div class=\"elementor-spacer\">\n\t\t\t<div class=\"elementor-spacer-inner\"><\/div>\n\t\t<\/div>\n\t\t\t\t\t\t<\/div>\n\t\t\t\t<\/div>\n\t\t\t\t\t<\/div>\n\t\t<\/div>\n\t\t\t\t\t<\/div>\n\t\t<\/section>\n\t\t\t\t<\/div>","protected":false},"excerpt":{"rendered":"<p>Psicolog\u00eda Cl\u00ednica Adults Des de vessant cognitivo-conductual s\u2019interv\u00e9 en els problemes i trastorns que la persona pugui patir. Es realitza un an\u00e0lisis i avaluaci\u00f3 personalitzada de la situaci\u00f3 que motiva el quadre cl\u00ednic per tal de tenir un diagn\u00f2stic i, acte seguit, poder fer una intervenci\u00f3 en profunditat per millorar, pal\u00b7liar i remetre el malestar [&hellip;]<\/p>\n","protected":false},"author":2,"featured_media":0,"parent":0,"menu_order":0,"comment_status":"closed","ping_status":"closed","template":"","meta":{"footnotes":""},"class_list":["post-121","page","type-page","status-publish","hentry"],"yoast_head":"<!-- This site is optimized with the Yoast SEO plugin v27.4 - https:\/\/yoast.com\/product\/yoast-seo-wordpress\/ -->\n<title>Psicolog\u00eda cl\u00ednica adults - Laia Cadens WP<\/title>\n<meta name=\"robots\" content=\"index, follow, max-snippet:-1, max-image-preview:large, max-video-preview:-1\" \/>\n<link rel=\"canonical\" href=\"https:\/\/laiacadens.com\/es\/psicologia-clinica-adults\/\" \/>\n<meta property=\"og:locale\" content=\"es_ES\" \/>\n<meta property=\"og:type\" content=\"article\" \/>\n<meta property=\"og:title\" content=\"Psicolog\u00eda cl\u00ednica adults - Laia Cadens WP\" \/>\n<meta property=\"og:description\" content=\"Psicolog\u00eda Cl\u00ednica Adults Des de vessant cognitivo-conductual s\u2019interv\u00e9 en els problemes i trastorns que la persona pugui patir. Es realitza un an\u00e0lisis i avaluaci\u00f3 personalitzada de la situaci\u00f3 que motiva el quadre cl\u00ednic per tal de tenir un diagn\u00f2stic i, acte seguit, poder fer una intervenci\u00f3 en profunditat per millorar, pal\u00b7liar i remetre el malestar [&hellip;]\" \/>\n<meta property=\"og:url\" content=\"https:\/\/laiacadens.com\/es\/psicologia-clinica-adults\/\" \/>\n<meta property=\"og:site_name\" content=\"Laia Cadens WP\" \/>\n<meta property=\"article:modified_time\" content=\"2023-11-11T17:03:42+00:00\" \/>\n<meta name=\"twitter:card\" content=\"summary_large_image\" \/>\n<meta name=\"twitter:label1\" content=\"Tiempo de lectura\" \/>\n\t<meta name=\"twitter:data1\" content=\"2 minutos\" \/>\n<script type=\"application\/ld+json\" class=\"yoast-schema-graph\">{\"@context\":\"https:\\\/\\\/schema.org\",\"@graph\":[{\"@type\":\"WebPage\",\"@id\":\"https:\\\/\\\/laiacadens.com\\\/es\\\/psicologia-clinica-adults\\\/\",\"url\":\"https:\\\/\\\/laiacadens.com\\\/es\\\/psicologia-clinica-adults\\\/\",\"name\":\"Psicolog\u00eda cl\u00ednica adults - Laia Cadens WP\",\"isPartOf\":{\"@id\":\"https:\\\/\\\/laiacadens.com\\\/#website\"},\"datePublished\":\"2023-06-07T16:36:03+00:00\",\"dateModified\":\"2023-11-11T17:03:42+00:00\",\"breadcrumb\":{\"@id\":\"https:\\\/\\\/laiacadens.com\\\/es\\\/psicologia-clinica-adults\\\/#breadcrumb\"},\"inLanguage\":\"es\",\"potentialAction\":[{\"@type\":\"ReadAction\",\"target\":[\"https:\\\/\\\/laiacadens.com\\\/es\\\/psicologia-clinica-adults\\\/\"]}]},{\"@type\":\"BreadcrumbList\",\"@id\":\"https:\\\/\\\/laiacadens.com\\\/es\\\/psicologia-clinica-adults\\\/#breadcrumb\",\"itemListElement\":[{\"@type\":\"ListItem\",\"position\":1,\"name\":\"Inici\",\"item\":\"https:\\\/\\\/laiacadens.com\\\/\"},{\"@type\":\"ListItem\",\"position\":2,\"name\":\"Psicolog\u00eda cl\u00ednica adults\"}]},{\"@type\":\"WebSite\",\"@id\":\"https:\\\/\\\/laiacadens.com\\\/#website\",\"url\":\"https:\\\/\\\/laiacadens.com\\\/\",\"name\":\"Laia Cadens Psicologia\",\"description\":\"\",\"potentialAction\":[{\"@type\":\"SearchAction\",\"target\":{\"@type\":\"EntryPoint\",\"urlTemplate\":\"https:\\\/\\\/laiacadens.com\\\/?s={search_term_string}\"},\"query-input\":{\"@type\":\"PropertyValueSpecification\",\"valueRequired\":true,\"valueName\":\"search_term_string\"}}],\"inLanguage\":\"es\"}]}<\/script>\n<!-- \/ Yoast SEO plugin. -->","yoast_head_json":{"title":"Psicolog\u00eda cl\u00ednica adults - Laia Cadens WP","robots":{"index":"index","follow":"follow","max-snippet":"max-snippet:-1","max-image-preview":"max-image-preview:large","max-video-preview":"max-video-preview:-1"},"canonical":"https:\/\/laiacadens.com\/es\/psicologia-clinica-adults\/","og_locale":"es_ES","og_type":"article","og_title":"Psicolog\u00eda cl\u00ednica adults - Laia Cadens WP","og_description":"Psicolog\u00eda Cl\u00ednica Adults Des de vessant cognitivo-conductual s\u2019interv\u00e9 en els problemes i trastorns que la persona pugui patir. Es realitza un an\u00e0lisis i avaluaci\u00f3 personalitzada de la situaci\u00f3 que motiva el quadre cl\u00ednic per tal de tenir un diagn\u00f2stic i, acte seguit, poder fer una intervenci\u00f3 en profunditat per millorar, pal\u00b7liar i remetre el malestar [&hellip;]","og_url":"https:\/\/laiacadens.com\/es\/psicologia-clinica-adults\/","og_site_name":"Laia Cadens WP","article_modified_time":"2023-11-11T17:03:42+00:00","twitter_card":"summary_large_image","twitter_misc":{"Tiempo de lectura":"2 minutos"},"schema":{"@context":"https:\/\/schema.org","@graph":[{"@type":"WebPage","@id":"https:\/\/laiacadens.com\/es\/psicologia-clinica-adults\/","url":"https:\/\/laiacadens.com\/es\/psicologia-clinica-adults\/","name":"Psicolog\u00eda cl\u00ednica adults - Laia Cadens WP","isPartOf":{"@id":"https:\/\/laiacadens.com\/#website"},"datePublished":"2023-06-07T16:36:03+00:00","dateModified":"2023-11-11T17:03:42+00:00","breadcrumb":{"@id":"https:\/\/laiacadens.com\/es\/psicologia-clinica-adults\/#breadcrumb"},"inLanguage":"es","potentialAction":[{"@type":"ReadAction","target":["https:\/\/laiacadens.com\/es\/psicologia-clinica-adults\/"]}]},{"@type":"BreadcrumbList","@id":"https:\/\/laiacadens.com\/es\/psicologia-clinica-adults\/#breadcrumb","itemListElement":[{"@type":"ListItem","position":1,"name":"Inici","item":"https:\/\/laiacadens.com\/"},{"@type":"ListItem","position":2,"name":"Psicolog\u00eda cl\u00ednica adults"}]},{"@type":"WebSite","@id":"https:\/\/laiacadens.com\/#website","url":"https:\/\/laiacadens.com\/","name":"Laia Cadens Psicologia","description":"","potentialAction":[{"@type":"SearchAction","target":{"@type":"EntryPoint","urlTemplate":"https:\/\/laiacadens.com\/?s={search_term_string}"},"query-input":{"@type":"PropertyValueSpecification","valueRequired":true,"valueName":"search_term_string"}}],"inLanguage":"es"}]}},"_links":{"self":[{"href":"https:\/\/laiacadens.com\/es\/wp-json\/wp\/v2\/pages\/121","targetHints":{"allow":["GET"]}}],"collection":[{"href":"https:\/\/laiacadens.com\/es\/wp-json\/wp\/v2\/pages"}],"about":[{"href":"https:\/\/laiacadens.com\/es\/wp-json\/wp\/v2\/types\/page"}],"author":[{"embeddable":true,"href":"https:\/\/laiacadens.com\/es\/wp-json\/wp\/v2\/users\/2"}],"replies":[{"embeddable":true,"href":"https:\/\/laiacadens.com\/es\/wp-json\/wp\/v2\/comments?post=121"}],"version-history":[{"count":58,"href":"https:\/\/laiacadens.com\/es\/wp-json\/wp\/v2\/pages\/121\/revisions"}],"predecessor-version":[{"id":815,"href":"https:\/\/laiacadens.com\/es\/wp-json\/wp\/v2\/pages\/121\/revisions\/815"}],"wp:attachment":[{"href":"https:\/\/laiacadens.com\/es\/wp-json\/wp\/v2\/media?parent=121"}],"curies":[{"name":"wp","href":"https:\/\/api.w.org\/{rel}","templated":true}]}}