{"id":123,"date":"2023-06-07T16:36:11","date_gmt":"2023-06-07T16:36:11","guid":{"rendered":"https:\/\/laiacadens.com\/?page_id=123"},"modified":"2023-11-11T17:04:53","modified_gmt":"2023-11-11T17:04:53","slug":"terapia-de-parella","status":"publish","type":"page","link":"https:\/\/laiacadens.com\/es\/terapia-de-parella\/","title":{"rendered":"Terapia de pareja"},"content":{"rendered":"<div data-elementor-type=\"wp-page\" data-elementor-id=\"123\" class=\"elementor elementor-123\" data-elementor-post-type=\"page\">\n\t\t\t\t\t\t<section class=\"elementor-section elementor-top-section elementor-element elementor-element-20fd7539 elementor-section-full_width elementor-section-height-min-height animated-slow elementor-section-height-default elementor-section-items-middle elementor-invisible\" data-id=\"20fd7539\" data-element_type=\"section\" data-e-type=\"section\" data-settings=\"{&quot;background_background&quot;:&quot;classic&quot;,&quot;animation&quot;:&quot;fadeInDown&quot;}\">\n\t\t\t\t\t\t\t<div class=\"elementor-background-overlay\"><\/div>\n\t\t\t\t\t\t\t<div class=\"elementor-container elementor-column-gap-no\">\n\t\t\t\t\t<div class=\"elementor-column elementor-col-100 elementor-top-column elementor-element elementor-element-7629778f\" data-id=\"7629778f\" data-element_type=\"column\" data-e-type=\"column\">\n\t\t\t<div class=\"elementor-widget-wrap elementor-element-populated\">\n\t\t\t\t\t\t<section class=\"elementor-section elementor-inner-section elementor-element elementor-element-62e884f0 elementor-section-boxed elementor-section-height-default elementor-section-height-default\" data-id=\"62e884f0\" data-element_type=\"section\" data-e-type=\"section\">\n\t\t\t\t\t\t<div class=\"elementor-container elementor-column-gap-no\">\n\t\t\t\t\t<div class=\"elementor-column elementor-col-50 elementor-inner-column elementor-element elementor-element-1f90cc7f\" data-id=\"1f90cc7f\" data-element_type=\"column\" data-e-type=\"column\">\n\t\t\t<div class=\"elementor-widget-wrap elementor-element-populated\">\n\t\t\t\t\t\t<div class=\"elementor-element elementor-element-b0873ee elementor-invisible elementor-widget elementor-widget-heading\" data-id=\"b0873ee\" data-element_type=\"widget\" data-e-type=\"widget\" data-settings=\"{&quot;_animation&quot;:&quot;fadeInLeft&quot;}\" data-widget_type=\"heading.default\">\n\t\t\t\t<div class=\"elementor-widget-container\">\n\t\t\t\t\t<h4 class=\"elementor-heading-title elementor-size-default\">Terapia de pareja<\/h4>\t\t\t\t<\/div>\n\t\t\t\t<\/div>\n\t\t\t\t\t<\/div>\n\t\t<\/div>\n\t\t\t\t<div class=\"elementor-column elementor-col-50 elementor-inner-column elementor-element elementor-element-68c12dc3\" data-id=\"68c12dc3\" data-element_type=\"column\" data-e-type=\"column\">\n\t\t\t<div class=\"elementor-widget-wrap\">\n\t\t\t\t\t\t\t<\/div>\n\t\t<\/div>\n\t\t\t\t\t<\/div>\n\t\t<\/section>\n\t\t\t\t\t<\/div>\n\t\t<\/div>\n\t\t\t\t\t<\/div>\n\t\t<\/section>\n\t\t\t\t<section class=\"elementor-section elementor-top-section elementor-element elementor-element-34d681b0 elementor-section-full_width elementor-section-height-min-height elementor-section-height-default elementor-section-items-middle\" data-id=\"34d681b0\" data-element_type=\"section\" data-e-type=\"section\">\n\t\t\t\t\t\t<div class=\"elementor-container elementor-column-gap-no\">\n\t\t\t\t\t<div class=\"elementor-column elementor-col-100 elementor-top-column elementor-element elementor-element-3ac2f2d2\" data-id=\"3ac2f2d2\" data-element_type=\"column\" data-e-type=\"column\">\n\t\t\t<div class=\"elementor-widget-wrap elementor-element-populated\">\n\t\t\t\t\t\t<section class=\"elementor-section elementor-inner-section elementor-element elementor-element-55c8eaf6 elementor-section-boxed elementor-section-height-default elementor-section-height-default\" data-id=\"55c8eaf6\" data-element_type=\"section\" data-e-type=\"section\">\n\t\t\t\t\t\t<div class=\"elementor-container elementor-column-gap-no\">\n\t\t\t\t\t<div class=\"elementor-column elementor-col-50 elementor-inner-column elementor-element elementor-element-1ea1afca animated-slow elementor-invisible\" data-id=\"1ea1afca\" data-element_type=\"column\" data-e-type=\"column\" data-settings=\"{&quot;animation&quot;:&quot;fadeInLeft&quot;}\">\n\t\t\t<div class=\"elementor-widget-wrap elementor-element-populated\">\n\t\t\t\t\t\t<div class=\"elementor-element elementor-element-53cba46a elementor-invisible elementor-widget elementor-widget-text-editor\" data-id=\"53cba46a\" data-element_type=\"widget\" data-e-type=\"widget\" data-settings=\"{&quot;_animation&quot;:&quot;fadeInLeft&quot;}\" data-widget_type=\"text-editor.default\">\n\t\t\t\t<div class=\"elementor-widget-container\">\n\t\t\t\t\t\t\t\t\t<p>Cuando una pareja detecta problemas en su relaci\u00f3n pasa por momentos de desconcierto, aislamiento y una marcada crisis personal, que le impide analizar y valorar de forma efectiva la situaci\u00f3n vivida. Se pierde perspectiva y se activan mecanismos que da\u00f1an a la pareja, y en consecuencia a las personas que integran esa relaci\u00f3n.<\/p><p>En terapia de pareja es necesario crear un espacio sincero en donde se identifican los motivos REALES de los problemas y como se enfrentan a ellos, de este modo trabajar de forma efectiva, y a la vez  simple, en los factores que mantienen la problem\u00e1tica. Sabemos que no siempre las parejas llegan a un punto de entendimiento y si ese es el caso tambi\u00e9n es necesario cerrar la etapa desde el respto y con el menor impacto posible.<\/p><p>En resumen se suelen dar estas dificultades, las cuales se pueden trabajar en psicoterapia:<\/p><ul><li>Celos, desconfianza<\/li><li>Infidelidad<\/li><li>Problemas familiares<\/li><li>Desgaste, monoton\u00eda<\/li><li>Bajo deseo sexual<\/li><li>Problemas en el \u00e1rea sexual<\/li><li>Dependencia emocional<\/li><li>Problemas de convivencia<\/li><li>Rancuras y problemas no resueltos<\/li><li><span style=\"background-color: transparent; color: var( --e-global-color-text ); letter-spacing: 0px;\">Problemas anclados<\/span><\/li><\/ul><p>\u00a0<\/p><p>La especializaci\u00f3n en estas tres \u00e1reas de intervenci\u00f3n hacen una elecci\u00f3n perfecta para el tratamiento en globalidad de los problemas.<\/p>\t\t\t\t\t\t\t\t<\/div>\n\t\t\t\t<\/div>\n\t\t\t\t\t<\/div>\n\t\t<\/div>\n\t\t\t\t<div class=\"elementor-column elementor-col-50 elementor-inner-column elementor-element elementor-element-1f3f4bee animated-slow elementor-invisible\" data-id=\"1f3f4bee\" data-element_type=\"column\" data-e-type=\"column\" data-settings=\"{&quot;background_background&quot;:&quot;classic&quot;,&quot;animation&quot;:&quot;fadeInDown&quot;}\">\n\t\t\t<div class=\"elementor-widget-wrap elementor-element-populated\">\n\t\t\t\t\t\t<div class=\"elementor-element elementor-element-851ae1c elementor-hidden-desktop elementor-widget elementor-widget-spacer\" data-id=\"851ae1c\" data-element_type=\"widget\" data-e-type=\"widget\" data-widget_type=\"spacer.default\">\n\t\t\t\t<div class=\"elementor-widget-container\">\n\t\t\t\t\t\t\t<div class=\"elementor-spacer\">\n\t\t\t<div class=\"elementor-spacer-inner\"><\/div>\n\t\t<\/div>\n\t\t\t\t\t\t<\/div>\n\t\t\t\t<\/div>\n\t\t\t\t\t<\/div>\n\t\t<\/div>\n\t\t\t\t\t<\/div>\n\t\t<\/section>\n\t\t\t\t<div class=\"elementor-element elementor-element-428ab886 elementor-widget elementor-widget-spacer\" data-id=\"428ab886\" data-element_type=\"widget\" data-e-type=\"widget\" data-widget_type=\"spacer.default\">\n\t\t\t\t<div class=\"elementor-widget-container\">\n\t\t\t\t\t\t\t<div class=\"elementor-spacer\">\n\t\t\t<div class=\"elementor-spacer-inner\"><\/div>\n\t\t<\/div>\n\t\t\t\t\t\t<\/div>\n\t\t\t\t<\/div>\n\t\t\t\t\t<\/div>\n\t\t<\/div>\n\t\t\t\t\t<\/div>\n\t\t<\/section>\n\t\t\t\t<\/div>","protected":false},"excerpt":{"rendered":"<p>Ter\u00e0pia de Parella Quan una parella detecta problemes en la seva relaci\u00f3 passa per moments de desconcert, a\u00efllament i una marcada crisis personal que li impedeix analitzar i valorar de forma efectiva la situaci\u00f3 viscuda.\u00a0Es perd perspectiva i s&#8217;activen mecanismes que danyen a la parella, i en conseq\u00fc\u00e8ncia a les persones que integren aquesta relaci\u00f3. [&hellip;]<\/p>\n","protected":false},"author":2,"featured_media":0,"parent":0,"menu_order":0,"comment_status":"closed","ping_status":"closed","template":"","meta":{"footnotes":""},"class_list":["post-123","page","type-page","status-publish","hentry"],"yoast_head":"<!-- This site is optimized with the Yoast SEO plugin v27.4 - https:\/\/yoast.com\/product\/yoast-seo-wordpress\/ -->\n<title>Ter\u00e0pia de parella - Laia Cadens WP<\/title>\n<meta name=\"robots\" content=\"index, follow, max-snippet:-1, max-image-preview:large, max-video-preview:-1\" \/>\n<link rel=\"canonical\" href=\"https:\/\/laiacadens.com\/es\/terapia-de-parella\/\" \/>\n<meta property=\"og:locale\" content=\"es_ES\" \/>\n<meta property=\"og:type\" content=\"article\" \/>\n<meta property=\"og:title\" content=\"Ter\u00e0pia de parella - Laia Cadens WP\" \/>\n<meta property=\"og:description\" content=\"Ter\u00e0pia de Parella Quan una parella detecta problemes en la seva relaci\u00f3 passa per moments de desconcert, a\u00efllament i una marcada crisis personal que li impedeix analitzar i valorar de forma efectiva la situaci\u00f3 viscuda.\u00a0Es perd perspectiva i s&#8217;activen mecanismes que danyen a la parella, i en conseq\u00fc\u00e8ncia a les persones que integren aquesta relaci\u00f3. [&hellip;]\" \/>\n<meta property=\"og:url\" content=\"https:\/\/laiacadens.com\/es\/terapia-de-parella\/\" \/>\n<meta property=\"og:site_name\" content=\"Laia Cadens WP\" \/>\n<meta property=\"article:modified_time\" content=\"2023-11-11T17:04:53+00:00\" \/>\n<meta name=\"twitter:card\" content=\"summary_large_image\" \/>\n<meta name=\"twitter:label1\" content=\"Tiempo de lectura\" \/>\n\t<meta name=\"twitter:data1\" content=\"1 minuto\" \/>\n<script type=\"application\/ld+json\" class=\"yoast-schema-graph\">{\"@context\":\"https:\\\/\\\/schema.org\",\"@graph\":[{\"@type\":\"WebPage\",\"@id\":\"https:\\\/\\\/laiacadens.com\\\/terapia-de-parella\\\/\",\"url\":\"https:\\\/\\\/laiacadens.com\\\/terapia-de-parella\\\/\",\"name\":\"Ter\u00e0pia de parella - Laia Cadens WP\",\"isPartOf\":{\"@id\":\"https:\\\/\\\/laiacadens.com\\\/#website\"},\"datePublished\":\"2023-06-07T16:36:11+00:00\",\"dateModified\":\"2023-11-11T17:04:53+00:00\",\"breadcrumb\":{\"@id\":\"https:\\\/\\\/laiacadens.com\\\/terapia-de-parella\\\/#breadcrumb\"},\"inLanguage\":\"es\",\"potentialAction\":[{\"@type\":\"ReadAction\",\"target\":[\"https:\\\/\\\/laiacadens.com\\\/terapia-de-parella\\\/\"]}]},{\"@type\":\"BreadcrumbList\",\"@id\":\"https:\\\/\\\/laiacadens.com\\\/terapia-de-parella\\\/#breadcrumb\",\"itemListElement\":[{\"@type\":\"ListItem\",\"position\":1,\"name\":\"Inici\",\"item\":\"https:\\\/\\\/laiacadens.com\\\/\"},{\"@type\":\"ListItem\",\"position\":2,\"name\":\"Ter\u00e0pia de parella\"}]},{\"@type\":\"WebSite\",\"@id\":\"https:\\\/\\\/laiacadens.com\\\/#website\",\"url\":\"https:\\\/\\\/laiacadens.com\\\/\",\"name\":\"Laia Cadens Psicologia\",\"description\":\"\",\"potentialAction\":[{\"@type\":\"SearchAction\",\"target\":{\"@type\":\"EntryPoint\",\"urlTemplate\":\"https:\\\/\\\/laiacadens.com\\\/?s={search_term_string}\"},\"query-input\":{\"@type\":\"PropertyValueSpecification\",\"valueRequired\":true,\"valueName\":\"search_term_string\"}}],\"inLanguage\":\"es\"}]}<\/script>\n<!-- \/ Yoast SEO plugin. -->","yoast_head_json":{"title":"Ter\u00e0pia de parella - Laia Cadens WP","robots":{"index":"index","follow":"follow","max-snippet":"max-snippet:-1","max-image-preview":"max-image-preview:large","max-video-preview":"max-video-preview:-1"},"canonical":"https:\/\/laiacadens.com\/es\/terapia-de-parella\/","og_locale":"es_ES","og_type":"article","og_title":"Ter\u00e0pia de parella - Laia Cadens WP","og_description":"Ter\u00e0pia de Parella Quan una parella detecta problemes en la seva relaci\u00f3 passa per moments de desconcert, a\u00efllament i una marcada crisis personal que li impedeix analitzar i valorar de forma efectiva la situaci\u00f3 viscuda.\u00a0Es perd perspectiva i s&#8217;activen mecanismes que danyen a la parella, i en conseq\u00fc\u00e8ncia a les persones que integren aquesta relaci\u00f3. [&hellip;]","og_url":"https:\/\/laiacadens.com\/es\/terapia-de-parella\/","og_site_name":"Laia Cadens WP","article_modified_time":"2023-11-11T17:04:53+00:00","twitter_card":"summary_large_image","twitter_misc":{"Tiempo de lectura":"1 minuto"},"schema":{"@context":"https:\/\/schema.org","@graph":[{"@type":"WebPage","@id":"https:\/\/laiacadens.com\/terapia-de-parella\/","url":"https:\/\/laiacadens.com\/terapia-de-parella\/","name":"Ter\u00e0pia de parella - Laia Cadens WP","isPartOf":{"@id":"https:\/\/laiacadens.com\/#website"},"datePublished":"2023-06-07T16:36:11+00:00","dateModified":"2023-11-11T17:04:53+00:00","breadcrumb":{"@id":"https:\/\/laiacadens.com\/terapia-de-parella\/#breadcrumb"},"inLanguage":"es","potentialAction":[{"@type":"ReadAction","target":["https:\/\/laiacadens.com\/terapia-de-parella\/"]}]},{"@type":"BreadcrumbList","@id":"https:\/\/laiacadens.com\/terapia-de-parella\/#breadcrumb","itemListElement":[{"@type":"ListItem","position":1,"name":"Inici","item":"https:\/\/laiacadens.com\/"},{"@type":"ListItem","position":2,"name":"Ter\u00e0pia de parella"}]},{"@type":"WebSite","@id":"https:\/\/laiacadens.com\/#website","url":"https:\/\/laiacadens.com\/","name":"Laia Cadens Psicologia","description":"","potentialAction":[{"@type":"SearchAction","target":{"@type":"EntryPoint","urlTemplate":"https:\/\/laiacadens.com\/?s={search_term_string}"},"query-input":{"@type":"PropertyValueSpecification","valueRequired":true,"valueName":"search_term_string"}}],"inLanguage":"es"}]}},"_links":{"self":[{"href":"https:\/\/laiacadens.com\/es\/wp-json\/wp\/v2\/pages\/123","targetHints":{"allow":["GET"]}}],"collection":[{"href":"https:\/\/laiacadens.com\/es\/wp-json\/wp\/v2\/pages"}],"about":[{"href":"https:\/\/laiacadens.com\/es\/wp-json\/wp\/v2\/types\/page"}],"author":[{"embeddable":true,"href":"https:\/\/laiacadens.com\/es\/wp-json\/wp\/v2\/users\/2"}],"replies":[{"embeddable":true,"href":"https:\/\/laiacadens.com\/es\/wp-json\/wp\/v2\/comments?post=123"}],"version-history":[{"count":61,"href":"https:\/\/laiacadens.com\/es\/wp-json\/wp\/v2\/pages\/123\/revisions"}],"predecessor-version":[{"id":821,"href":"https:\/\/laiacadens.com\/es\/wp-json\/wp\/v2\/pages\/123\/revisions\/821"}],"wp:attachment":[{"href":"https:\/\/laiacadens.com\/es\/wp-json\/wp\/v2\/media?parent=123"}],"curies":[{"name":"wp","href":"https:\/\/api.w.org\/{rel}","templated":true}]}}