{"id":3,"date":"2023-04-12T19:50:21","date_gmt":"2023-04-12T19:50:21","guid":{"rendered":"https:\/\/laiacadens.com\/?page_id=3"},"modified":"2023-09-25T14:36:09","modified_gmt":"2023-09-25T14:36:09","slug":"politica-de-privacitat","status":"publish","type":"page","link":"https:\/\/laiacadens.com\/es\/politica-de-privacitat\/","title":{"rendered":"Pol\u00edtica de Privacidad"},"content":{"rendered":"<div data-elementor-type=\"wp-page\" data-elementor-id=\"3\" class=\"elementor elementor-3\" data-elementor-post-type=\"page\">\n\t\t\t\t\t\t<section class=\"elementor-section elementor-top-section elementor-element elementor-element-79a7c44 elementor-section-boxed elementor-section-height-default elementor-section-height-default\" data-id=\"79a7c44\" data-element_type=\"section\" data-e-type=\"section\">\n\t\t\t\t\t\t<div class=\"elementor-container elementor-column-gap-default\">\n\t\t\t\t\t<div class=\"elementor-column elementor-col-100 elementor-top-column elementor-element elementor-element-81627a1\" data-id=\"81627a1\" data-element_type=\"column\" data-e-type=\"column\">\n\t\t\t<div class=\"elementor-widget-wrap elementor-element-populated\">\n\t\t\t\t\t\t<div class=\"elementor-element elementor-element-08e3f5e elementor-widget elementor-widget-heading\" data-id=\"08e3f5e\" data-element_type=\"widget\" data-e-type=\"widget\" data-widget_type=\"heading.default\">\n\t\t\t\t<div class=\"elementor-widget-container\">\n\t\t\t\t\t<h1 class=\"elementor-heading-title elementor-size-default\">POL\u00cdTICA DE PRIVACIDAD<\/h1>\t\t\t\t<\/div>\n\t\t\t\t<\/div>\n\t\t\t\t\t<\/div>\n\t\t<\/div>\n\t\t\t\t\t<\/div>\n\t\t<\/section>\n\t\t\t\t<section class=\"elementor-section elementor-top-section elementor-element elementor-element-1e54fbda elementor-section-boxed elementor-section-height-default elementor-section-height-default\" data-id=\"1e54fbda\" data-element_type=\"section\" data-e-type=\"section\">\n\t\t\t\t\t\t<div class=\"elementor-container elementor-column-gap-default\">\n\t\t\t\t\t<div class=\"elementor-column elementor-col-100 elementor-top-column elementor-element elementor-element-79aab203\" data-id=\"79aab203\" data-element_type=\"column\" data-e-type=\"column\">\n\t\t\t<div class=\"elementor-widget-wrap elementor-element-populated\">\n\t\t\t\t\t\t<div class=\"elementor-element elementor-element-29344e97 elementor-widget elementor-widget-text-editor\" data-id=\"29344e97\" data-element_type=\"widget\" data-e-type=\"widget\" data-widget_type=\"text-editor.default\">\n\t\t\t\t<div class=\"elementor-widget-container\">\n\t\t\t\t\t\t\t\t\t<p>Su privacidad es importante para nosotros, as\u00ed que mediante esta pol\u00edtica le explicamos qu\u00e9 datos recogemos de los usuarios, c\u00f3mo los utilizamos y para qu\u00e9, entre otras indicaciones.<\/p><p>Para su informaci\u00f3n, nunca pediremos m\u00e1s informaci\u00f3n de la que realmente necesitaremos para los servicios requeridos; nunca la compartiremos con terceros, excepto por obligaci\u00f3n legal o previa autorizaci\u00f3n; y nunca utilizaremos sus datos para otra finalidad no indicada previamente.<\/p><p>Como usuario, deber\u00e1 leer atentamente esta Pol\u00edtica de privacidad de forma regular, y siempre que introduzca sus datos personales, ya que este documento puede sufrir modificaciones ya que el prestamista puede modificar cualquier tipo de informaci\u00f3n que pudiera aparecer en la web para cumplir con la normativa o actualizar la pol\u00edtica, y sin que exista la obligaci\u00f3n de avisar o poner en conocimiento de los usuarios estas obligaciones, siendo suficientes la publicaci\u00f3n en el sitio web del prestamista.<\/p><p><strong>RESPONSABLE DEL TRATAMIENTO:<\/strong><\/p><p>Identidad:\u00a0<strong>LAIA CADENS RUBIES<\/strong><\/p><p>CIF: 43726084W<\/p><p>Direcci\u00f3n postal: C\/ Vallcalent 1, 3er-A, 25006 Lleida<\/p><p>Correo electr\u00f3nico: laiacadens@copc.cat<\/p><p>LAIA CADENS RUBIES, como responsable del Sitio web, de conformidad con lo dispuesto en el Reglamento (UE) 2016\/679 de 27 de abril de 2016 (RGPD) relativo a la protecci\u00f3n de las personas f\u00edsicas en cuanto al tratamiento de datos personales ya la libre circulaci\u00f3n de estos datos y dem\u00e1s normativa vigente en materia de protecci\u00f3n de datos personales, y por la Ley 34\/2002, de 11 de julio, de Servicios de la Sociedad de la Informaci\u00f3n y de Comercio Electr\u00f3nico (LSSICE), le informa que tiene implementadas las medidas de seguridad necesarias, de \u00edndole t\u00e9cnica y organizativas, para garantizar y proteger la confidencialidad, integridad y disponibilidad de los datos introducidos.<\/p><p><strong>M\u00c9TODO DE OBTENCI\u00d3N DE LOS DATOS y QU\u00c9 DATOS recogemos:<\/strong><\/p><p>Los datos que recogemos y la forma en que los obtenemos es el siguiente:<\/p><ul><li>a trav\u00e9s del formulario de contacto: nombre, mail, tel\u00e9fono, empresa<\/li><li>a trav\u00e9s del formulario de suscripci\u00f3n a la newsletter: nombre, mail<\/li><\/ul><p>No se tratan categor\u00edas de datos especialmente protegidas.<\/p><p><strong>FINALIDAD DEL TRATAMIENTO:<\/strong><\/p><p>Sus datos personales s\u00f3lo se utilizar\u00e1n para las siguientes finalidades, prestando su consentimiento para cada una de las finalidades en el apartado correspondiente de la web:<\/p><ul><li><strong>formulario de contacto:<\/strong>\u00a0para responder a las consultas y\/o proporcionar informaciones requeridas por el Usuario;<\/li><li><strong>formulario de suscripci\u00f3n a la newsletter:<\/strong>\u00a0para remitirlas comunicaciones comerciales publicitarias por mail, SMS, comunidades sociales o cualquier otro medio electr\u00f3nico o f\u00edsico, en caso de que el Usuario lo haya consentido expresamente;<\/li><\/ul><p>Puede revocar en cualquier momento su consentimiento remitiendo un escrito con el asunto \u201cBaja\u201d a\u00a0<strong>melmelades@calkika.com<\/strong><\/p><p>De acuerdo con la LSSICE,\u00a0<strong>LAIA CADENS RUBIES<\/strong>\u00a0no realiza pr\u00e1cticas de SPAM, por tanto, no env\u00eda correos comerciales por e-mail que no hayan sido previamente solicitados o autorizados por el Usuario. En consecuencia, en todas las comunicaciones que recibir\u00e1 de prestamista, el usuario tiene la posibilidad de cancelar su consentimiento expreso para recibir nuestras comunicaciones.<\/p><p>No trataremos sus datos personales para ninguna otra finalidad de las descritas salvo por obligaci\u00f3n legal o requerimiento judicial.<\/p><p>No ser\u00e1 objeto de decisiones basadas en tratamientos automatizados que produzcan efectos sobre sus datos.<\/p><p><strong>LEGITIMACI\u00d3N DEL TRATAMIENTO<\/strong><\/p><p>La base legal para el tratamiento de los datos es su\u00a0<strong>consentimiento<\/strong>\u00a0otorgado en el momento de dar sus datos en el formulario correspondiente para llevar a cabo las finalidades, en el momento de marcado de la casilla de verificaci\u00f3n. El no facilitar los datos personales solicitados o no aceptar la presente pol\u00edtica de privacidad supone la imposibilidad de conseguir las finalidades anteriormente descritas.<\/p><p>En los casos en que exista una relaci\u00f3n contractual entre las partes, la legitimaci\u00f3n para el desarrollo de las obligaciones derivadas de la misma ser\u00e1 la existencia de la relaci\u00f3n comercial establecida entre las partes.<\/p><p>La oferta prospectiva o comercial de productos y servicios est\u00e1 basada en el consentimiento que se le solicita, sin que en ning\u00fan caso la retirada de este consentimiento condicione la ejecuci\u00f3n del contrato de suscripci\u00f3n.<\/p><p><strong>PLAZO DE CONSERVACI\u00d3N DE LOS DATOS:<\/strong><\/p><p>Sus datos se conservar\u00e1n mientras dure la relaci\u00f3n comercial con nosotros o ejerza su derecho de cancelaci\u00f3n u oposici\u00f3n, o limitaci\u00f3n al tratamiento. Asimismo, conservaremos sus datos en los plazos legalmente previstos en las disposiciones aplicables.<\/p><p><strong>DESTINATARIOS DE CESIONES O TRANSFERENCIAS (hay que revisar con cliente)<\/strong><\/p><p><strong>LAIA CADENS RUBIES<\/strong>\u00a0no lleva a cabo ninguna cesi\u00f3n o comunicaci\u00f3n de datos ni dentro ni fuera de la UE. El prestamista \u00fanicamente facilitar\u00e1 informaci\u00f3n a las fuerzas y cuerpos de seguridad bajo orden judicial o por obligaci\u00f3n de una norma legal, sin perjuicio de poder bloquear o cancelar su cuenta si puede haber indicios de la comisi\u00f3n de alg\u00fan delito por parte del usuario. La informaci\u00f3n facilitada ser\u00e1 s\u00f3lo la que disponga en ese momento el prestamista.<\/p><p><strong>Hosting:<\/strong>\u00a0para realizar los servicios de alojamiento de la web,\u00a0<strong>LAIA CADENS RUBIES<\/strong>\u00a0tiene contratado los servicios en FACTORIA DE APPS,S.L. con domicilio en Carrer Maragall, 2 \u2013 25003 Lleida.<\/p><p><strong>Correo electr\u00f3nico marketing:<\/strong>\u00a0The Rocket Science Group LLC (Mailchimp), con domicilio en 675 Ponce De Leon Ave NE, Suite 5000 Atlanta, Georgia 30308. M\u00e1s informaci\u00f3n www.mailchimp.com. The Rocket Science Group LLC (Mailchimp) trata los datos con el fin de realizar sus servicios de gesti\u00f3n de email marketing en\u00a0<strong>LAIA CADENS RUBIES<\/strong><\/p><p><strong>DERECHOS  DE LAS PERSONAS INTERESADAS<\/strong><\/p><p>Como usuario-interesado, puede solicitar el ejercicio de los siguientes derechos ante\u00a0<strong>LAIA CADENS RUBIES<\/strong>\u00a0presentando un escrito a la direcci\u00f3n postal del encabezamiento o enviando un correo electr\u00f3nico a<strong>\u00a0info@festuc.net\u00a0<\/strong>, indicando como Asunto: \u201cPROTECCION DE DATOS: DERECHOS DE LOS AFECTADOS\u201d, y adjuntando fotocopia de su DNI o cualquier medio an\u00e1logo en derecho, tal y como indica la ley.<\/p><p><strong>Derechos:<\/strong><\/p><ul><li><strong>Derecho de acceso:<\/strong>\u00a0permite al interesado conocer y obtener informaci\u00f3n sobre sus datos de car\u00e1cter personal sometidos a tratamiento.<\/li><li><strong>Derecho de rectificaci\u00f3n o supresi\u00f3n<\/strong>: permite corregir errores y modificar los datos que resulten ser inexactos o incompletos.<\/li><li><strong>Derecho de cancelaci\u00f3n<\/strong>: permite que se supriman los datos que sean inadecuados o excesivos.<\/li><li><strong>Derecho de oposici\u00f3n:<\/strong>\u00a0derecho del interesado a que no se lleve a cabo el tratamiento de sus datos de car\u00e1cter personal o se cese en el mismo.<\/li><li><strong>Limitaci\u00f3n del tratamiento:<\/strong>\u00a0comporta el marcado de los datos personales conservados, con el fin de limitar su futuro tratamiento, para el ejercicio o defensa de reclamaciones.<\/li><li><strong>Portabilidad de los datos:<\/strong>\u00a0facilitaci\u00f3n de los datos objeto de tratamiento al interesado, a fin de que \u00e9ste pueda transmitir a otro responsable, sin impedimentos.<\/li><li><strong>Derecho a no ser objeto de decisiones individuales automatizadas (incluida la elaboraci\u00f3n de perfiles):\u00a0<\/strong>derecho a no ser objeto de una decisi\u00f3n basada en el tratamiento automatizado que produzca efectos o afecte significativamente.<\/li><\/ul><p>Como usuario, tiene derecho a retirar el consentimiento dado en cualquier momento. La retirada del consentimiento no afectar\u00e1 a la licitud del tratamiento efectuado antes de la retirada del consentimiento.<\/p><p>Tambi\u00e9n tiene derecho a presentar una reclamaci\u00f3n ante la autoridad de control si considera que pueden haberse visto vulnerados sus derechos en relaci\u00f3n con la protecci\u00f3n de sus datos (aepd.es).<\/p><p><strong>INFORMACI\u00d3N ADICIONAL<\/strong><\/p><p><strong>MEDIDAS DE SEGURIDAD:<\/strong><\/p><p>Los datos que nos facilite se tratar\u00e1n de forma confidencial. El prestamista ha adoptado todas las medidas t\u00e9cnicas y organizativas y todos los niveles de protecci\u00f3n necesarios para garantizar la seguridad en el tratamiento de los datos y evitar su alteraci\u00f3n, p\u00e9rdida, robo, tratamiento o acceso no autorizado, de acuerdo el estado de la tecnolog\u00eda y naturaleza de los datos almacenados. Asimismo, se garantiza tambi\u00e9n que el tratamiento y registro en ficheros, programas, sistemas o equipos, locales y centros cumplen con los requisitos y condiciones de integridad y seguridad establecidas en la normativa vigente.<\/p><p><strong>IDIOMA<\/strong><\/p><p>El idioma aplicable a esta pol\u00edtica de privacidad es el espa\u00f1ol. Por tanto, en caso de que hubiera alguna contradicci\u00f3n en alguna de las versiones facilitadas en otros idiomas, prevalecer\u00e1 la versi\u00f3n en espa\u00f1ol.<\/p><p><strong>MENORES DE EDAD<\/strong><\/p><ul><li>En el caso de menores de catorce a\u00f1os se requiere el consentimiento de los padres o tutores para el tratamiento de sus datos personales.<\/li><li>En ning\u00fan caso se pedir\u00e1n del menor de edad datos relativos a la situaci\u00f3n profesional, econ\u00f3mica o en la intimidad de los dem\u00e1s miembros de la familia, sin el consentimiento de \u00e9stos.<\/li><li>Si eres menor de catorce a\u00f1os y has accedido a este sitio web sin avisar a tus padres no debes registrarte ni darnos tus datos ni el de tus tutores.<\/li><\/ul><p><strong>REDES SOCIALES<\/strong><\/p><p>Le informamos que\u00a0<strong>LAIA CADENS RUBIES<\/strong>\u00a0puede tener presencia en redes sociales. El tratamiento de los datos que se lleve a cabo de las personas que se hagan seguidoras en las redes sociales (y\/o realicen cualquier v\u00ednculo o acci\u00f3n de conexi\u00f3n a trav\u00e9s de las redes sociales) de las p\u00e1ginas oficiales de\u00a0<strong>LAIA CADENS RUBIES<\/strong>\u00a0se regir\u00e1 por este apartado, as\u00ed como por aquellas condiciones de uso, pol\u00edticas de privacidad y normativas de acceso que pertenezcan a la red social que proceda en cada caso y aceptadas previamente por el usuario.<\/p><p><strong>LAIA CADENS RUBIES<\/strong>\u00a0tratar\u00e1 sus datos con los fines de administrar correctamente su presencia en la red social, informando de actividades, productos o servicios de prestamista, as\u00ed como para cualquier otra finalidad que las normativas de las Redes Sociales permitan.<\/p><p>Queda prohibida la publicaci\u00f3n de contenidos:<\/p><ul><li>Que sean presuntamente il\u00edcitos por la normativa nacional, comunitaria o internacional o que realicen actividades presuntamente il\u00edcitas o contravengan los principios de la buena fe.<\/li><li>Que atenten contra los derechos fundamentales de las personas, falten a la cortes\u00eda en la red, molesten o puedan generar opiniones negativas en nuestros usuarios o terceros y en general cualesquiera sean los contenidos que<strong>\u00a0LAIA CADENS RUBIES<\/strong>\u00a0considere inapropiados.<\/li><li>Y por lo general que contravengan los principios de legalidad, honradez, responsabilidad, protecci\u00f3n de la dignidad humana, protecci\u00f3n de menores, protecci\u00f3n del orden p\u00fablico, la protecci\u00f3n de la vida privada, la protecci\u00f3n del consumidor y los derechos de propiedad intelectual e industrial.<\/li><\/ul><p>Asimismo,\u00a0<strong>LAIA CADENS RUBIES<\/strong>\u00a0se reserva la potestad de retirar, sin previo aviso de la p\u00e1gina web o de la red social corporativa, aquellos contenidos que se consideren inadecuados<\/p><p>En cualquier caso, si usted remite informaci\u00f3n personal a trav\u00e9s de la red social,\u00a0<strong>LAIA CADENS RUBIES<\/strong>\u00a0quedar\u00e1 exento de responsabilidad en relaci\u00f3n a las medidas de seguridad aplicables a la presente plataforma, y \u200b\u200bel usuario en caso de querer conocerlas, consultar las correspondientes condiciones particulares de la red en cuesti\u00f3n.<\/p><p><strong>CAMBIOS EN LA PRESENTE POL\u00cdTICA DE PRIVACIDAD<\/strong><\/p><p><strong>LAIA CADENS RUBIES<\/strong>\u00a0se reserva el derecho a modificar la presente pol\u00edtica para adaptarla a novedades legislativas o jurisprudenciales.<\/p><p><strong>REVOCABILIDAD<\/strong><\/p><p>El consentimiento prestado, tanto por el tratamiento como para la cesi\u00f3n de los datos de los interesados, es revocable en cualquier momento comunic\u00e1ndolo a\u00a0<strong>LAIA CADENS RUBIES<\/strong>\u00a0en los t\u00e9rminos establecidos en esta Pol\u00edtica para el ejercicio de los derechos. Esta revocaci\u00f3n en ning\u00fan caso tendr\u00e1 car\u00e1cter retroactivo.<\/p><p><strong>LEGISLACI\u00d3N<\/strong><\/p><p>Con car\u00e1cter general las relaciones entre\u00a0<strong>LAIA CADENS RUBIES<\/strong>\u00a0con los Usuarios de sus servicios telem\u00e1ticos, presentes en esta web, est\u00e1n sometidos a la legislaci\u00f3n y jurisdicci\u00f3n espa\u00f1ola a la que se someten expresamente las partes, siendo competentes para la resoluci\u00f3n de todos los conflictos derivados o relacionados con su uso los Juzgados y Tribunales de L\u00e9rida.<\/p>\t\t\t\t\t\t\t\t<\/div>\n\t\t\t\t<\/div>\n\t\t\t\t\t<\/div>\n\t\t<\/div>\n\t\t\t\t\t<\/div>\n\t\t<\/section>\n\t\t\t\t<\/div>","protected":false},"excerpt":{"rendered":"<p>POL\u00cdTICA DE PRIVACITAT La seva privacitat \u00e9s important per a nosaltres, aix\u00ed que mitjan\u00e7ant aquesta pol\u00edtica li expliquem quines dades recollim dels usuaris, com els utilitzem i per a qu\u00e8, entre d&#8217;altres indicacions. Per a la seva informaci\u00f3, mai demanarem m\u00e9s informaci\u00f3 de la que realment necessitarem per als serveis requerits; mai la compartirem amb [&hellip;]<\/p>\n","protected":false},"author":1,"featured_media":0,"parent":0,"menu_order":0,"comment_status":"closed","ping_status":"closed","template":"","meta":{"footnotes":""},"class_list":["post-3","page","type-page","status-publish","hentry"],"yoast_head":"<!-- This site is optimized with the Yoast SEO plugin v27.4 - https:\/\/yoast.com\/product\/yoast-seo-wordpress\/ -->\n<title>Pol\u00edtica de Privacitat - Laia Cadens WP<\/title>\n<meta name=\"robots\" content=\"index, follow, max-snippet:-1, max-image-preview:large, max-video-preview:-1\" \/>\n<link rel=\"canonical\" href=\"https:\/\/laiacadens.com\/es\/politica-de-privacitat\/\" \/>\n<meta property=\"og:locale\" content=\"es_ES\" \/>\n<meta property=\"og:type\" content=\"article\" \/>\n<meta property=\"og:title\" content=\"Pol\u00edtica de Privacitat - Laia Cadens WP\" \/>\n<meta property=\"og:description\" content=\"POL\u00cdTICA DE PRIVACITAT La seva privacitat \u00e9s important per a nosaltres, aix\u00ed que mitjan\u00e7ant aquesta pol\u00edtica li expliquem quines dades recollim dels usuaris, com els utilitzem i per a qu\u00e8, entre d&#8217;altres indicacions. Per a la seva informaci\u00f3, mai demanarem m\u00e9s informaci\u00f3 de la que realment necessitarem per als serveis requerits; mai la compartirem amb [&hellip;]\" \/>\n<meta property=\"og:url\" content=\"https:\/\/laiacadens.com\/es\/politica-de-privacitat\/\" \/>\n<meta property=\"og:site_name\" content=\"Laia Cadens WP\" \/>\n<meta property=\"article:modified_time\" content=\"2023-09-25T14:36:09+00:00\" \/>\n<meta name=\"twitter:card\" content=\"summary_large_image\" \/>\n<meta name=\"twitter:label1\" content=\"Tiempo de lectura\" \/>\n\t<meta name=\"twitter:data1\" content=\"10 minutos\" \/>\n<script type=\"application\/ld+json\" class=\"yoast-schema-graph\">{\"@context\":\"https:\\\/\\\/schema.org\",\"@graph\":[{\"@type\":\"WebPage\",\"@id\":\"https:\\\/\\\/laiacadens.com\\\/politica-de-privacitat\\\/\",\"url\":\"https:\\\/\\\/laiacadens.com\\\/politica-de-privacitat\\\/\",\"name\":\"Pol\u00edtica de Privacitat - Laia Cadens WP\",\"isPartOf\":{\"@id\":\"https:\\\/\\\/laiacadens.com\\\/#website\"},\"datePublished\":\"2023-04-12T19:50:21+00:00\",\"dateModified\":\"2023-09-25T14:36:09+00:00\",\"breadcrumb\":{\"@id\":\"https:\\\/\\\/laiacadens.com\\\/politica-de-privacitat\\\/#breadcrumb\"},\"inLanguage\":\"es\",\"potentialAction\":[{\"@type\":\"ReadAction\",\"target\":[\"https:\\\/\\\/laiacadens.com\\\/politica-de-privacitat\\\/\"]}]},{\"@type\":\"BreadcrumbList\",\"@id\":\"https:\\\/\\\/laiacadens.com\\\/politica-de-privacitat\\\/#breadcrumb\",\"itemListElement\":[{\"@type\":\"ListItem\",\"position\":1,\"name\":\"Inici\",\"item\":\"https:\\\/\\\/laiacadens.com\\\/\"},{\"@type\":\"ListItem\",\"position\":2,\"name\":\"Pol\u00edtica de Privacitat\"}]},{\"@type\":\"WebSite\",\"@id\":\"https:\\\/\\\/laiacadens.com\\\/#website\",\"url\":\"https:\\\/\\\/laiacadens.com\\\/\",\"name\":\"Laia Cadens Psicologia\",\"description\":\"\",\"potentialAction\":[{\"@type\":\"SearchAction\",\"target\":{\"@type\":\"EntryPoint\",\"urlTemplate\":\"https:\\\/\\\/laiacadens.com\\\/?s={search_term_string}\"},\"query-input\":{\"@type\":\"PropertyValueSpecification\",\"valueRequired\":true,\"valueName\":\"search_term_string\"}}],\"inLanguage\":\"es\"}]}<\/script>\n<!-- \/ Yoast SEO plugin. -->","yoast_head_json":{"title":"Pol\u00edtica de Privacitat - Laia Cadens WP","robots":{"index":"index","follow":"follow","max-snippet":"max-snippet:-1","max-image-preview":"max-image-preview:large","max-video-preview":"max-video-preview:-1"},"canonical":"https:\/\/laiacadens.com\/es\/politica-de-privacitat\/","og_locale":"es_ES","og_type":"article","og_title":"Pol\u00edtica de Privacitat - Laia Cadens WP","og_description":"POL\u00cdTICA DE PRIVACITAT La seva privacitat \u00e9s important per a nosaltres, aix\u00ed que mitjan\u00e7ant aquesta pol\u00edtica li expliquem quines dades recollim dels usuaris, com els utilitzem i per a qu\u00e8, entre d&#8217;altres indicacions. Per a la seva informaci\u00f3, mai demanarem m\u00e9s informaci\u00f3 de la que realment necessitarem per als serveis requerits; mai la compartirem amb [&hellip;]","og_url":"https:\/\/laiacadens.com\/es\/politica-de-privacitat\/","og_site_name":"Laia Cadens WP","article_modified_time":"2023-09-25T14:36:09+00:00","twitter_card":"summary_large_image","twitter_misc":{"Tiempo de lectura":"10 minutos"},"schema":{"@context":"https:\/\/schema.org","@graph":[{"@type":"WebPage","@id":"https:\/\/laiacadens.com\/politica-de-privacitat\/","url":"https:\/\/laiacadens.com\/politica-de-privacitat\/","name":"Pol\u00edtica de Privacitat - Laia Cadens WP","isPartOf":{"@id":"https:\/\/laiacadens.com\/#website"},"datePublished":"2023-04-12T19:50:21+00:00","dateModified":"2023-09-25T14:36:09+00:00","breadcrumb":{"@id":"https:\/\/laiacadens.com\/politica-de-privacitat\/#breadcrumb"},"inLanguage":"es","potentialAction":[{"@type":"ReadAction","target":["https:\/\/laiacadens.com\/politica-de-privacitat\/"]}]},{"@type":"BreadcrumbList","@id":"https:\/\/laiacadens.com\/politica-de-privacitat\/#breadcrumb","itemListElement":[{"@type":"ListItem","position":1,"name":"Inici","item":"https:\/\/laiacadens.com\/"},{"@type":"ListItem","position":2,"name":"Pol\u00edtica de Privacitat"}]},{"@type":"WebSite","@id":"https:\/\/laiacadens.com\/#website","url":"https:\/\/laiacadens.com\/","name":"Laia Cadens Psicologia","description":"","potentialAction":[{"@type":"SearchAction","target":{"@type":"EntryPoint","urlTemplate":"https:\/\/laiacadens.com\/?s={search_term_string}"},"query-input":{"@type":"PropertyValueSpecification","valueRequired":true,"valueName":"search_term_string"}}],"inLanguage":"es"}]}},"_links":{"self":[{"href":"https:\/\/laiacadens.com\/es\/wp-json\/wp\/v2\/pages\/3","targetHints":{"allow":["GET"]}}],"collection":[{"href":"https:\/\/laiacadens.com\/es\/wp-json\/wp\/v2\/pages"}],"about":[{"href":"https:\/\/laiacadens.com\/es\/wp-json\/wp\/v2\/types\/page"}],"author":[{"embeddable":true,"href":"https:\/\/laiacadens.com\/es\/wp-json\/wp\/v2\/users\/1"}],"replies":[{"embeddable":true,"href":"https:\/\/laiacadens.com\/es\/wp-json\/wp\/v2\/comments?post=3"}],"version-history":[{"count":19,"href":"https:\/\/laiacadens.com\/es\/wp-json\/wp\/v2\/pages\/3\/revisions"}],"predecessor-version":[{"id":501,"href":"https:\/\/laiacadens.com\/es\/wp-json\/wp\/v2\/pages\/3\/revisions\/501"}],"wp:attachment":[{"href":"https:\/\/laiacadens.com\/es\/wp-json\/wp\/v2\/media?parent=3"}],"curies":[{"name":"wp","href":"https:\/\/api.w.org\/{rel}","templated":true}]}}